{"id":8822,"date":"2024-12-13T19:33:02","date_gmt":"2024-12-13T19:33:02","guid":{"rendered":"https:\/\/sararibeiroceramica.com\/?post_type=product&#038;p=8822"},"modified":"2024-12-16T12:06:22","modified_gmt":"2024-12-16T12:06:22","slug":"cartao-presente-workshop-iniciacao-criancas","status":"publish","type":"product","link":"https:\/\/sararibeiroceramica.com\/en\/product\/cartao-presente-workshop-iniciacao-criancas\/","title":{"rendered":"Cart\u00e3o Presente \u2013 Workshop de Inicia\u00e7\u00e3o \u00e0 Cer\u00e2mica para Crian\u00e7as"},"content":{"rendered":"<p><strong>Cart\u00e3o Presente &#8211; Workshop de Inicia\u00e7\u00e3o \u00e0 Cer\u00e2mica para Crian\u00e7as<\/strong><\/p>\n<p>Ofere\u00e7a uma experi\u00eancia \u00fanica e memor\u00e1vel com o <strong>Cart\u00e3o Presente &#8211; <a href=\"https:\/\/sararibeiroceramica.com\/en\/product\/workshops-iniciacao-criancas\/\">Workshop de Inicia\u00e7\u00e3o \u00e0 Cer\u00e2mica para Crian\u00e7as<\/a><\/strong>. Este workshop proporciona momentos de criatividade e divers\u00e3o, permitindo \u00e0s crian\u00e7as explorar o fascinante mundo da cer\u00e2mica enquanto d\u00e3o vida \u00e0s suas ideias e cria\u00e7\u00f5es.<\/p>\n<p><strong>O que inclui o workshop?<\/strong><\/p>\n<ul>\n<li>Cada crian\u00e7a ter\u00e1 a oportunidade de moldar at\u00e9 tr\u00eas pe\u00e7as \u00e0 sua escolha, num ambiente descontra\u00eddo e inspirador.<\/li>\n<li>Durante o processo, os participantes aprender\u00e3o t\u00e9cnicas de modelagem, aplica\u00e7\u00e3o de engobes e pintura, expressando a sua singularidade art\u00edstica.<\/li>\n<li>O workshop abrange todas as fases do ciclo cer\u00e2mico, desde a produ\u00e7\u00e3o das pe\u00e7as at\u00e9 \u00e0 vidragem com vidrado transparente, garantindo um acabamento refinado.<\/li>\n<li>Ap\u00f3s a conclus\u00e3o, as pe\u00e7as ser\u00e3o entregues numa data a combinar.<\/li>\n<\/ul>\n<p><strong>Detalhes do Workshop:<\/strong><\/p>\n<ul>\n<li><strong>Dura\u00e7\u00e3o:<\/strong> Uma sess\u00e3o \u00fanica de aproximadamente duas horas.<\/li>\n<li><strong>M\u00e1ximo de participantes:<\/strong> 6 crian\u00e7as por sess\u00e3o.<\/li>\n<li><strong>Localiza\u00e7\u00e3o:<\/strong> Monte do Branquinho, Rua das Orqu\u00eddeas, Almargem do Bispo, 2715-311.<\/li>\n<\/ul>\n<p><strong>Avisos Importantes:<\/strong><\/p>\n<ul>\n<li>Ser\u00e1 enviado um email com o cart\u00e3o no formato PDF.<\/li>\n<li>O c\u00f3digo do cart\u00e3o encontra-se no PDF enviado por email.<\/li>\n<li>O cart\u00e3o s\u00f3 poder\u00e1 ser utilizado na aquisi\u00e7\u00e3o de uma unidade do produto <a href=\"https:\/\/sararibeiroceramica.com\/en\/product\/workshops-iniciacao-criancas\/\"><em>Workshops Inicia\u00e7\u00e3o &#8211; Crian\u00e7as<\/em><\/a>.<\/li>\n<li>Este cart\u00e3o \u00e9 v\u00e1lido por 1 ano a partir da data de compra.<\/li>\n<li>O cart\u00e3o deve ser utilizado atrav\u00e9s do website, adquirindo o produto <a href=\"https:\/\/sararibeiroceramica.com\/en\/product\/workshops-iniciacao-criancas\/\"><em>Workshops Inicia\u00e7\u00e3o &#8211; Crian\u00e7as<\/em><\/a>, nas datas dispon\u00edveis.<\/li>\n<li>Caso n\u00e3o haja datas dispon\u00edveis compat\u00edveis com as suas prefer\u00eancias, deve contactar-nos atrav\u00e9s do nosso email ou preenchendo o formul\u00e1rio na p\u00e1gina de Contacto.<\/li>\n<li>O valor do cart\u00e3o \u00e9 descontado no valor do carrinho, inserindo o c\u00f3digo fornecido na caixa \u201cC\u00f3digo do Cart\u00e3o\u201d nas p\u00e1ginas \u201cCarrinho de Compras\u201d ou \u201cCheckout\u201d.<\/li>\n<li>Aulas canceladas no dia marcado n\u00e3o poder\u00e3o ser recuperadas.<\/li>\n<li>O cart\u00e3o n\u00e3o \u00e9 reembols\u00e1vel, mas pode ser transferido para outra crian\u00e7a com aviso pr\u00e9vio.<\/li>\n<li>Sugest\u00e3o de apresenta\u00e7\u00e3o: O cart\u00e3o est\u00e1 dispon\u00edvel no formato A5, ideal para ser impresso e colocado num envelope, pronto para oferecer como presente.<\/li>\n<\/ul>\n<p>Surpreenda algu\u00e9m especial com esta experi\u00eancia criativa e personalizada que ser\u00e1, certamente, inesquec\u00edvel!<\/p>","protected":false},"excerpt":{"rendered":"<p><strong>Cart\u00e3o Presente &#8211; Workshop de Inicia\u00e7\u00e3o \u00e0 Cer\u00e2mica para Crian\u00e7as<\/strong><\/p>\n<p>Ofere\u00e7a uma experi\u00eancia \u00fanica e memor\u00e1vel com o <strong>Cart\u00e3o Presente &#8211; <a href=\"https:\/\/sararibeiroceramica.com\/en\/product\/workshops-iniciacao-criancas\/\">Workshop de Inicia\u00e7\u00e3o \u00e0 Cer\u00e2mica para Crian\u00e7as<\/a><\/strong>. Este workshop proporciona momentos de criatividade e divers\u00e3o, permitindo \u00e0s crian\u00e7as explorar o fascinante mundo da cer\u00e2mica enquanto d\u00e3o vida \u00e0s suas ideias e cria\u00e7\u00f5es.<\/p>","protected":false},"featured_media":8824,"comment_status":"open","ping_status":"closed","template":"","meta":{"_coblocks_attr":"","_coblocks_dimensions":"","_coblocks_responsive_height":"","_coblocks_accordion_ie_support":"","site-sidebar-layout":"default","site-content-layout":"","ast-site-content-layout":"default","site-content-style":"default","site-sidebar-style":"default","ast-global-header-display":"","ast-banner-title-visibility":"","ast-main-header-display":"","ast-hfb-above-header-display":"","ast-hfb-below-header-display":"","ast-hfb-mobile-header-display":"","site-post-title":"","ast-breadcrumbs-content":"","ast-featured-img":"","footer-sml-layout":"","theme-transparent-header-meta":"default","adv-header-id-meta":"","stick-header-meta":"","header-above-stick-meta":"","header-main-stick-meta":"","header-below-stick-meta":"","astra-migrate-meta-layouts":"set","ast-page-background-enabled":"default","ast-page-background-meta":{"desktop":{"background-color":"","background-image":"","background-repeat":"repeat","background-position":"center center","background-size":"auto","background-attachment":"scroll","background-type":"","background-media":"","overlay-type":"","overlay-color":"","overlay-gradient":""},"tablet":{"background-color":"","background-image":"","background-repeat":"repeat","background-position":"center center","background-size":"auto","background-attachment":"scroll","background-type":"","background-media":"","overlay-type":"","overlay-color":"","overlay-gradient":""},"mobile":{"background-color":"","background-image":"","background-repeat":"repeat","background-position":"center center","background-size":"auto","background-attachment":"scroll","background-type":"","background-media":"","overlay-type":"","overlay-color":"","overlay-gradient":""}},"ast-content-background-meta":{"desktop":{"background-color":"var(--ast-global-color-5)","background-image":"","background-repeat":"repeat","background-position":"center center","background-size":"auto","background-attachment":"scroll","background-type":"","background-media":"","overlay-type":"","overlay-color":"","overlay-gradient":""},"tablet":{"background-color":"var(--ast-global-color-5)","background-image":"","background-repeat":"repeat","background-position":"center center","background-size":"auto","background-attachment":"scroll","background-type":"","background-media":"","overlay-type":"","overlay-color":"","overlay-gradient":""},"mobile":{"background-color":"var(--ast-global-color-5)","background-image":"","background-repeat":"repeat","background-position":"center center","background-size":"auto","background-attachment":"scroll","background-type":"","background-media":"","overlay-type":"","overlay-color":"","overlay-gradient":""}},"jetpack_publicize_message":"","jetpack_publicize_feature_enabled":true,"jetpack_social_post_already_shared":true,"jetpack_social_options":{"image_generator_settings":{"template":"highway","default_image_id":0,"font":"","enabled":false},"version":2},"_wpas_customize_per_network":false},"product_brand":[],"product_cat":[5387252],"product_tag":[],"class_list":{"0":"post-8822","1":"product","2":"type-product","3":"status-publish","4":"has-post-thumbnail","6":"product_cat-cartoes-presente","7":"desktop-align-left","8":"tablet-align-left","9":"mobile-align-left","11":"first","12":"instock","13":"virtual","14":"purchasable","15":"product-type-simple"},"yoast_head":"<!-- This site is optimized with the Yoast SEO plugin v27.4 - https:\/\/yoast.com\/product\/yoast-seo-wordpress\/ -->\n<title>Cart\u00e3o Presente \u2013 Workshop de Inicia\u00e7\u00e3o \u00e0 Cer\u00e2mica para Crian\u00e7as -<\/title>\n<meta name=\"robots\" content=\"index, follow, max-snippet:-1, max-image-preview:large, max-video-preview:-1\" \/>\n<link rel=\"canonical\" href=\"https:\/\/sararibeiroceramica.com\/en\/product\/cartao-presente-workshop-iniciacao-criancas\/\" \/>\n<meta property=\"og:locale\" content=\"en_GB\" \/>\n<meta property=\"og:type\" content=\"article\" \/>\n<meta property=\"og:title\" content=\"Cart\u00e3o Presente \u2013 Workshop de Inicia\u00e7\u00e3o \u00e0 Cer\u00e2mica para Crian\u00e7as -\" \/>\n<meta property=\"og:description\" content=\"Cart\u00e3o Presente - Workshop de Inicia\u00e7\u00e3o \u00e0 Cer\u00e2mica para Crian\u00e7as  Ofere\u00e7a uma experi\u00eancia \u00fanica e memor\u00e1vel com o Cart\u00e3o Presente - Workshop de Inicia\u00e7\u00e3o \u00e0 Cer\u00e2mica para Crian\u00e7as. Este workshop proporciona momentos de criatividade e divers\u00e3o, permitindo \u00e0s crian\u00e7as explorar o fascinante mundo da cer\u00e2mica enquanto d\u00e3o vida \u00e0s suas ideias e cria\u00e7\u00f5es.\" \/>\n<meta property=\"og:url\" content=\"https:\/\/sararibeiroceramica.com\/en\/product\/cartao-presente-workshop-iniciacao-criancas\/\" \/>\n<meta property=\"article:modified_time\" content=\"2024-12-16T12:06:22+00:00\" \/>\n<meta property=\"og:image\" content=\"https:\/\/sararibeiroceramica.com\/wp-content\/uploads\/2024\/12\/cartao-presente-iniciacao-criancas-produto.jpg\" \/>\n\t<meta property=\"og:image:width\" content=\"1410\" \/>\n\t<meta property=\"og:image:height\" content=\"2000\" \/>\n\t<meta property=\"og:image:type\" content=\"image\/jpeg\" \/>\n<meta name=\"twitter:card\" content=\"summary_large_image\" \/>\n<meta name=\"twitter:label1\" content=\"Estimated reading time\" \/>\n\t<meta name=\"twitter:data1\" content=\"3 minutes\" \/>\n<script type=\"application\/ld+json\" class=\"yoast-schema-graph\">{\"@context\":\"https:\\\/\\\/schema.org\",\"@graph\":[{\"@type\":\"WebPage\",\"@id\":\"https:\\\/\\\/sararibeiroceramica.com\\\/produto\\\/cartao-presente-workshop-iniciacao-criancas\\\/\",\"url\":\"https:\\\/\\\/sararibeiroceramica.com\\\/produto\\\/cartao-presente-workshop-iniciacao-criancas\\\/\",\"name\":\"Cart\u00e3o Presente \u2013 Workshop de Inicia\u00e7\u00e3o \u00e0 Cer\u00e2mica para Crian\u00e7as -\",\"isPartOf\":{\"@id\":\"https:\\\/\\\/sararibeiroceramica.com\\\/#website\"},\"primaryImageOfPage\":{\"@id\":\"https:\\\/\\\/sararibeiroceramica.com\\\/produto\\\/cartao-presente-workshop-iniciacao-criancas\\\/#primaryimage\"},\"image\":{\"@id\":\"https:\\\/\\\/sararibeiroceramica.com\\\/produto\\\/cartao-presente-workshop-iniciacao-criancas\\\/#primaryimage\"},\"thumbnailUrl\":\"https:\\\/\\\/i0.wp.com\\\/sararibeiroceramica.com\\\/wp-content\\\/uploads\\\/2024\\\/12\\\/cartao-presente-iniciacao-criancas-produto.jpg?fit=1410%2C2000&ssl=1\",\"datePublished\":\"2024-12-13T19:33:02+00:00\",\"dateModified\":\"2024-12-16T12:06:22+00:00\",\"breadcrumb\":{\"@id\":\"https:\\\/\\\/sararibeiroceramica.com\\\/produto\\\/cartao-presente-workshop-iniciacao-criancas\\\/#breadcrumb\"},\"inLanguage\":\"en-GB\",\"potentialAction\":[{\"@type\":\"ReadAction\",\"target\":[\"https:\\\/\\\/sararibeiroceramica.com\\\/produto\\\/cartao-presente-workshop-iniciacao-criancas\\\/\"]}]},{\"@type\":\"ImageObject\",\"inLanguage\":\"en-GB\",\"@id\":\"https:\\\/\\\/sararibeiroceramica.com\\\/produto\\\/cartao-presente-workshop-iniciacao-criancas\\\/#primaryimage\",\"url\":\"https:\\\/\\\/i0.wp.com\\\/sararibeiroceramica.com\\\/wp-content\\\/uploads\\\/2024\\\/12\\\/cartao-presente-iniciacao-criancas-produto.jpg?fit=1410%2C2000&ssl=1\",\"contentUrl\":\"https:\\\/\\\/i0.wp.com\\\/sararibeiroceramica.com\\\/wp-content\\\/uploads\\\/2024\\\/12\\\/cartao-presente-iniciacao-criancas-produto.jpg?fit=1410%2C2000&ssl=1\",\"width\":1410,\"height\":2000},{\"@type\":\"BreadcrumbList\",\"@id\":\"https:\\\/\\\/sararibeiroceramica.com\\\/produto\\\/cartao-presente-workshop-iniciacao-criancas\\\/#breadcrumb\",\"itemListElement\":[{\"@type\":\"ListItem\",\"position\":1,\"name\":\"In\u00edcio\",\"item\":\"https:\\\/\\\/sararibeiroceramica.com\\\/\"},{\"@type\":\"ListItem\",\"position\":2,\"name\":\"Cart\u00e3o Presente \u2013 Workshop de Inicia\u00e7\u00e3o \u00e0 Cer\u00e2mica para Crian\u00e7as\"}]},{\"@type\":\"WebSite\",\"@id\":\"https:\\\/\\\/sararibeiroceramica.com\\\/#website\",\"url\":\"https:\\\/\\\/sararibeiroceramica.com\\\/\",\"name\":\"\",\"description\":\"Loja de cer\u00e2mica criativa feita artesanalmente \u00e0 m\u00e3o na roda de oleiro\",\"potentialAction\":[{\"@type\":\"SearchAction\",\"target\":{\"@type\":\"EntryPoint\",\"urlTemplate\":\"https:\\\/\\\/sararibeiroceramica.com\\\/?s={search_term_string}\"},\"query-input\":{\"@type\":\"PropertyValueSpecification\",\"valueRequired\":true,\"valueName\":\"search_term_string\"}}],\"inLanguage\":\"en-GB\"}]}<\/script>\n<!-- \/ Yoast SEO plugin. -->","yoast_head_json":{"title":"Cart\u00e3o Presente \u2013 Workshop de Inicia\u00e7\u00e3o \u00e0 Cer\u00e2mica para Crian\u00e7as -","robots":{"index":"index","follow":"follow","max-snippet":"max-snippet:-1","max-image-preview":"max-image-preview:large","max-video-preview":"max-video-preview:-1"},"canonical":"https:\/\/sararibeiroceramica.com\/en\/product\/cartao-presente-workshop-iniciacao-criancas\/","og_locale":"en_GB","og_type":"article","og_title":"Cart\u00e3o Presente \u2013 Workshop de Inicia\u00e7\u00e3o \u00e0 Cer\u00e2mica para Crian\u00e7as -","og_description":"Cart\u00e3o Presente - Workshop de Inicia\u00e7\u00e3o \u00e0 Cer\u00e2mica para Crian\u00e7as  Ofere\u00e7a uma experi\u00eancia \u00fanica e memor\u00e1vel com o Cart\u00e3o Presente - Workshop de Inicia\u00e7\u00e3o \u00e0 Cer\u00e2mica para Crian\u00e7as. Este workshop proporciona momentos de criatividade e divers\u00e3o, permitindo \u00e0s crian\u00e7as explorar o fascinante mundo da cer\u00e2mica enquanto d\u00e3o vida \u00e0s suas ideias e cria\u00e7\u00f5es.","og_url":"https:\/\/sararibeiroceramica.com\/en\/product\/cartao-presente-workshop-iniciacao-criancas\/","article_modified_time":"2024-12-16T12:06:22+00:00","og_image":[{"width":1410,"height":2000,"url":"https:\/\/sararibeiroceramica.com\/wp-content\/uploads\/2024\/12\/cartao-presente-iniciacao-criancas-produto.jpg","type":"image\/jpeg"}],"twitter_card":"summary_large_image","twitter_misc":{"Estimated reading time":"3 minutes"},"schema":{"@context":"https:\/\/schema.org","@graph":[{"@type":"WebPage","@id":"https:\/\/sararibeiroceramica.com\/produto\/cartao-presente-workshop-iniciacao-criancas\/","url":"https:\/\/sararibeiroceramica.com\/produto\/cartao-presente-workshop-iniciacao-criancas\/","name":"Cart\u00e3o Presente \u2013 Workshop de Inicia\u00e7\u00e3o \u00e0 Cer\u00e2mica para Crian\u00e7as -","isPartOf":{"@id":"https:\/\/sararibeiroceramica.com\/#website"},"primaryImageOfPage":{"@id":"https:\/\/sararibeiroceramica.com\/produto\/cartao-presente-workshop-iniciacao-criancas\/#primaryimage"},"image":{"@id":"https:\/\/sararibeiroceramica.com\/produto\/cartao-presente-workshop-iniciacao-criancas\/#primaryimage"},"thumbnailUrl":"https:\/\/i0.wp.com\/sararibeiroceramica.com\/wp-content\/uploads\/2024\/12\/cartao-presente-iniciacao-criancas-produto.jpg?fit=1410%2C2000&ssl=1","datePublished":"2024-12-13T19:33:02+00:00","dateModified":"2024-12-16T12:06:22+00:00","breadcrumb":{"@id":"https:\/\/sararibeiroceramica.com\/produto\/cartao-presente-workshop-iniciacao-criancas\/#breadcrumb"},"inLanguage":"en-GB","potentialAction":[{"@type":"ReadAction","target":["https:\/\/sararibeiroceramica.com\/produto\/cartao-presente-workshop-iniciacao-criancas\/"]}]},{"@type":"ImageObject","inLanguage":"en-GB","@id":"https:\/\/sararibeiroceramica.com\/produto\/cartao-presente-workshop-iniciacao-criancas\/#primaryimage","url":"https:\/\/i0.wp.com\/sararibeiroceramica.com\/wp-content\/uploads\/2024\/12\/cartao-presente-iniciacao-criancas-produto.jpg?fit=1410%2C2000&ssl=1","contentUrl":"https:\/\/i0.wp.com\/sararibeiroceramica.com\/wp-content\/uploads\/2024\/12\/cartao-presente-iniciacao-criancas-produto.jpg?fit=1410%2C2000&ssl=1","width":1410,"height":2000},{"@type":"BreadcrumbList","@id":"https:\/\/sararibeiroceramica.com\/produto\/cartao-presente-workshop-iniciacao-criancas\/#breadcrumb","itemListElement":[{"@type":"ListItem","position":1,"name":"In\u00edcio","item":"https:\/\/sararibeiroceramica.com\/"},{"@type":"ListItem","position":2,"name":"Cart\u00e3o Presente \u2013 Workshop de Inicia\u00e7\u00e3o \u00e0 Cer\u00e2mica para Crian\u00e7as"}]},{"@type":"WebSite","@id":"https:\/\/sararibeiroceramica.com\/#website","url":"https:\/\/sararibeiroceramica.com\/","name":"","description":"Loja de cer\u00e2mica criativa feita artesanalmente \u00e0 m\u00e3o na roda de oleiro","potentialAction":[{"@type":"SearchAction","target":{"@type":"EntryPoint","urlTemplate":"https:\/\/sararibeiroceramica.com\/?s={search_term_string}"},"query-input":{"@type":"PropertyValueSpecification","valueRequired":true,"valueName":"search_term_string"}}],"inLanguage":"en-GB"}]}},"jetpack_publicize_connections":[],"jetpack_likes_enabled":true,"jetpack_sharing_enabled":true,"_links":{"self":[{"href":"https:\/\/sararibeiroceramica.com\/en\/wp-json\/wp\/v2\/product\/8822","targetHints":{"allow":["GET"]}}],"collection":[{"href":"https:\/\/sararibeiroceramica.com\/en\/wp-json\/wp\/v2\/product"}],"about":[{"href":"https:\/\/sararibeiroceramica.com\/en\/wp-json\/wp\/v2\/types\/product"}],"replies":[{"embeddable":true,"href":"https:\/\/sararibeiroceramica.com\/en\/wp-json\/wp\/v2\/comments?post=8822"}],"version-history":[{"count":9,"href":"https:\/\/sararibeiroceramica.com\/en\/wp-json\/wp\/v2\/product\/8822\/revisions"}],"predecessor-version":[{"id":8861,"href":"https:\/\/sararibeiroceramica.com\/en\/wp-json\/wp\/v2\/product\/8822\/revisions\/8861"}],"wp:featuredmedia":[{"embeddable":true,"href":"https:\/\/sararibeiroceramica.com\/en\/wp-json\/wp\/v2\/media\/8824"}],"wp:attachment":[{"href":"https:\/\/sararibeiroceramica.com\/en\/wp-json\/wp\/v2\/media?parent=8822"}],"wp:term":[{"taxonomy":"product_brand","embeddable":true,"href":"https:\/\/sararibeiroceramica.com\/en\/wp-json\/wp\/v2\/product_brand?post=8822"},{"taxonomy":"product_cat","embeddable":true,"href":"https:\/\/sararibeiroceramica.com\/en\/wp-json\/wp\/v2\/product_cat?post=8822"},{"taxonomy":"product_tag","embeddable":true,"href":"https:\/\/sararibeiroceramica.com\/en\/wp-json\/wp\/v2\/product_tag?post=8822"}],"curies":[{"name":"wp","href":"https:\/\/api.w.org\/{rel}","templated":true}]}}