{"id":8587,"date":"2024-11-24T23:15:10","date_gmt":"2024-11-24T23:15:10","guid":{"rendered":"https:\/\/sararibeiroceramica.com\/?post_type=product&#038;p=8587"},"modified":"2026-02-18T17:08:23","modified_gmt":"2026-02-18T17:08:23","slug":"brincos-selene-colecao-aurora","status":"publish","type":"product","link":"https:\/\/sararibeiroceramica.com\/en\/product\/brincos-selene-colecao-aurora\/","title":{"rendered":"Brincos Selene- Cole\u00e7\u00e3o AURORA"},"content":{"rendered":"<p>Brincos artesanais em formato meia lua, feitos \u00e0 m\u00e3o.<\/p>\n<p>Feitos em barro vermelho, com acabamento artesanal e vidrado nas tonalidades de\u00a0 bege, azul e verde.<\/p>\n<p>A base do brinco \u00e9 em a\u00e7o inoxid\u00e1vel, garantindo durabilidade e conforto para o uso di\u00e1rio.<\/p>\n<p>Uma pe\u00e7a \u00fanica de arte que vai adicionar um toque especial ao seu visual, combinando funcionalidade, estilo e resist\u00eancia.<\/p>\n<p>Medidas: 3 cm de altura x 1,5 cm de largura.<\/p>\n<p>*Estes brincos s\u00e3o feitos \u00e0 m\u00e3o, o que significa que cada par \u00e9 \u00fanico e possui seu pr\u00f3prio charme. N\u00e3o s\u00e3o &#8220;perfeitos&#8221;, mas s\u00e3o especiais, como as pessoas que os usam! N\u00e3o existem dois pares iguais. O par de brincos que voc\u00ea receber, embora similar \u00e0 foto de refer\u00eancia, ser\u00e1 sempre ligeiramente diferente, mantendo sua singularidade.<\/p>\n<p>**Como s\u00e3o pe\u00e7as de cer\u00e2mica, o cuidado \u00e9 importante. Recomenda-se armazen\u00e1-los em um local seco e protegido para preservar a beleza e durabilidade do material.<\/p>","protected":false},"excerpt":{"rendered":"<p>Brincos artesanais em formato meia lua, feitos \u00e0 m\u00e3o.<\/p>\n<p>Feitos em barro vermelho, com acabamento artesanal e vidrado nas tonalidades de\u00a0 bege, azul e verde.<\/p>\n<p>A base do brinco \u00e9 em a\u00e7o inoxid\u00e1vel, garantindo durabilidade e conforto para o uso di\u00e1rio.<\/p>\n<p>Uma pe\u00e7a \u00fanica de arte que vai adicionar um toque especial ao seu visual, combinando funcionalidade, estilo e resist\u00eancia.<\/p>","protected":false},"featured_media":8588,"comment_status":"open","ping_status":"closed","template":"","meta":{"_coblocks_attr":"","_coblocks_dimensions":"","_coblocks_responsive_height":"","_coblocks_accordion_ie_support":"","site-sidebar-layout":"default","site-content-layout":"","ast-site-content-layout":"default","site-content-style":"default","site-sidebar-style":"default","ast-global-header-display":"","ast-banner-title-visibility":"","ast-main-header-display":"","ast-hfb-above-header-display":"","ast-hfb-below-header-display":"","ast-hfb-mobile-header-display":"","site-post-title":"","ast-breadcrumbs-content":"","ast-featured-img":"","footer-sml-layout":"","theme-transparent-header-meta":"default","adv-header-id-meta":"","stick-header-meta":"","header-above-stick-meta":"","header-main-stick-meta":"","header-below-stick-meta":"","astra-migrate-meta-layouts":"set","ast-page-background-enabled":"default","ast-page-background-meta":{"desktop":{"background-color":"","background-image":"","background-repeat":"repeat","background-position":"center center","background-size":"auto","background-attachment":"scroll","background-type":"","background-media":"","overlay-type":"","overlay-color":"","overlay-gradient":""},"tablet":{"background-color":"","background-image":"","background-repeat":"repeat","background-position":"center center","background-size":"auto","background-attachment":"scroll","background-type":"","background-media":"","overlay-type":"","overlay-color":"","overlay-gradient":""},"mobile":{"background-color":"","background-image":"","background-repeat":"repeat","background-position":"center center","background-size":"auto","background-attachment":"scroll","background-type":"","background-media":"","overlay-type":"","overlay-color":"","overlay-gradient":""}},"ast-content-background-meta":{"desktop":{"background-color":"var(--ast-global-color-5)","background-image":"","background-repeat":"repeat","background-position":"center center","background-size":"auto","background-attachment":"scroll","background-type":"","background-media":"","overlay-type":"","overlay-color":"","overlay-gradient":""},"tablet":{"background-color":"var(--ast-global-color-5)","background-image":"","background-repeat":"repeat","background-position":"center center","background-size":"auto","background-attachment":"scroll","background-type":"","background-media":"","overlay-type":"","overlay-color":"","overlay-gradient":""},"mobile":{"background-color":"var(--ast-global-color-5)","background-image":"","background-repeat":"repeat","background-position":"center center","background-size":"auto","background-attachment":"scroll","background-type":"","background-media":"","overlay-type":"","overlay-color":"","overlay-gradient":""}},"jetpack_post_was_ever_published":false,"jetpack_publicize_message":"","jetpack_publicize_feature_enabled":true,"jetpack_social_post_already_shared":true,"jetpack_social_options":{"image_generator_settings":{"template":"highway","default_image_id":0,"font":"","enabled":false},"version":2},"_wpas_customize_per_network":false},"product_brand":[],"product_cat":[5387253,5387021],"product_tag":[],"class_list":{"0":"post-8587","1":"product","2":"type-product","3":"status-publish","4":"has-post-thumbnail","6":"product_cat-brincos","7":"product_cat-colecao-aurora","8":"product_shipping_class-caneca","9":"desktop-align-left","10":"tablet-align-left","11":"mobile-align-left","13":"first","14":"outofstock","15":"shipping-taxable","16":"purchasable","17":"product-type-simple"},"yoast_head":"<!-- This site is optimized with the Yoast SEO plugin v27.3 - https:\/\/yoast.com\/product\/yoast-seo-wordpress\/ -->\n<title>Brincos Selene- Cole\u00e7\u00e3o AURORA -<\/title>\n<meta name=\"robots\" content=\"index, follow, max-snippet:-1, max-image-preview:large, max-video-preview:-1\" \/>\n<link rel=\"canonical\" href=\"https:\/\/sararibeiroceramica.com\/en\/product\/brincos-selene-colecao-aurora\/\" \/>\n<meta property=\"og:locale\" content=\"en_GB\" \/>\n<meta property=\"og:type\" content=\"article\" \/>\n<meta property=\"og:title\" content=\"Brincos Selene- Cole\u00e7\u00e3o AURORA -\" \/>\n<meta property=\"og:description\" content=\"Brincos artesanais em formato meia lua, feitos \u00e0 m\u00e3o.  Feitos em barro vermelho, com acabamento artesanal e vidrado nas tonalidades de\u00a0 bege, azul e verde.  A base do brinco \u00e9 em a\u00e7o inoxid\u00e1vel, garantindo durabilidade e conforto para o uso di\u00e1rio.  Uma pe\u00e7a \u00fanica de arte que vai adicionar um toque especial ao seu visual, combinando funcionalidade, estilo e resist\u00eancia.\" \/>\n<meta property=\"og:url\" content=\"https:\/\/sararibeiroceramica.com\/en\/product\/brincos-selene-colecao-aurora\/\" \/>\n<meta property=\"article:modified_time\" content=\"2026-02-18T17:08:23+00:00\" \/>\n<meta property=\"og:image\" content=\"https:\/\/sararibeiroceramica.com\/wp-content\/uploads\/2024\/11\/DSC0031.jpg\" \/>\n\t<meta property=\"og:image:width\" content=\"1365\" \/>\n\t<meta property=\"og:image:height\" content=\"2048\" \/>\n\t<meta property=\"og:image:type\" content=\"image\/jpeg\" \/>\n<meta name=\"twitter:card\" content=\"summary_large_image\" \/>\n<meta name=\"twitter:label1\" content=\"Estimated reading time\" \/>\n\t<meta name=\"twitter:data1\" content=\"2 minutes\" \/>\n<script type=\"application\/ld+json\" class=\"yoast-schema-graph\">{\"@context\":\"https:\\\/\\\/schema.org\",\"@graph\":[{\"@type\":\"WebPage\",\"@id\":\"https:\\\/\\\/sararibeiroceramica.com\\\/produto\\\/brincos-selene-colecao-aurora\\\/\",\"url\":\"https:\\\/\\\/sararibeiroceramica.com\\\/produto\\\/brincos-selene-colecao-aurora\\\/\",\"name\":\"Brincos Selene- Cole\u00e7\u00e3o AURORA -\",\"isPartOf\":{\"@id\":\"https:\\\/\\\/sararibeiroceramica.com\\\/#website\"},\"primaryImageOfPage\":{\"@id\":\"https:\\\/\\\/sararibeiroceramica.com\\\/produto\\\/brincos-selene-colecao-aurora\\\/#primaryimage\"},\"image\":{\"@id\":\"https:\\\/\\\/sararibeiroceramica.com\\\/produto\\\/brincos-selene-colecao-aurora\\\/#primaryimage\"},\"thumbnailUrl\":\"https:\\\/\\\/i0.wp.com\\\/sararibeiroceramica.com\\\/wp-content\\\/uploads\\\/2024\\\/11\\\/DSC0031.jpg?fit=1365%2C2048&ssl=1\",\"datePublished\":\"2024-11-24T23:15:10+00:00\",\"dateModified\":\"2026-02-18T17:08:23+00:00\",\"breadcrumb\":{\"@id\":\"https:\\\/\\\/sararibeiroceramica.com\\\/produto\\\/brincos-selene-colecao-aurora\\\/#breadcrumb\"},\"inLanguage\":\"en-GB\",\"potentialAction\":[{\"@type\":\"ReadAction\",\"target\":[\"https:\\\/\\\/sararibeiroceramica.com\\\/produto\\\/brincos-selene-colecao-aurora\\\/\"]}]},{\"@type\":\"ImageObject\",\"inLanguage\":\"en-GB\",\"@id\":\"https:\\\/\\\/sararibeiroceramica.com\\\/produto\\\/brincos-selene-colecao-aurora\\\/#primaryimage\",\"url\":\"https:\\\/\\\/i0.wp.com\\\/sararibeiroceramica.com\\\/wp-content\\\/uploads\\\/2024\\\/11\\\/DSC0031.jpg?fit=1365%2C2048&ssl=1\",\"contentUrl\":\"https:\\\/\\\/i0.wp.com\\\/sararibeiroceramica.com\\\/wp-content\\\/uploads\\\/2024\\\/11\\\/DSC0031.jpg?fit=1365%2C2048&ssl=1\",\"width\":1365,\"height\":2048},{\"@type\":\"BreadcrumbList\",\"@id\":\"https:\\\/\\\/sararibeiroceramica.com\\\/produto\\\/brincos-selene-colecao-aurora\\\/#breadcrumb\",\"itemListElement\":[{\"@type\":\"ListItem\",\"position\":1,\"name\":\"In\u00edcio\",\"item\":\"https:\\\/\\\/sararibeiroceramica.com\\\/\"},{\"@type\":\"ListItem\",\"position\":2,\"name\":\"Brincos Selene- Cole\u00e7\u00e3o AURORA\"}]},{\"@type\":\"WebSite\",\"@id\":\"https:\\\/\\\/sararibeiroceramica.com\\\/#website\",\"url\":\"https:\\\/\\\/sararibeiroceramica.com\\\/\",\"name\":\"\",\"description\":\"Loja de cer\u00e2mica criativa feita artesanalmente \u00e0 m\u00e3o na roda de oleiro\",\"potentialAction\":[{\"@type\":\"SearchAction\",\"target\":{\"@type\":\"EntryPoint\",\"urlTemplate\":\"https:\\\/\\\/sararibeiroceramica.com\\\/?s={search_term_string}\"},\"query-input\":{\"@type\":\"PropertyValueSpecification\",\"valueRequired\":true,\"valueName\":\"search_term_string\"}}],\"inLanguage\":\"en-GB\"}]}<\/script>\n<!-- \/ Yoast SEO plugin. -->","yoast_head_json":{"title":"Brincos Selene- Cole\u00e7\u00e3o AURORA -","robots":{"index":"index","follow":"follow","max-snippet":"max-snippet:-1","max-image-preview":"max-image-preview:large","max-video-preview":"max-video-preview:-1"},"canonical":"https:\/\/sararibeiroceramica.com\/en\/product\/brincos-selene-colecao-aurora\/","og_locale":"en_GB","og_type":"article","og_title":"Brincos Selene- Cole\u00e7\u00e3o AURORA -","og_description":"Brincos artesanais em formato meia lua, feitos \u00e0 m\u00e3o.  Feitos em barro vermelho, com acabamento artesanal e vidrado nas tonalidades de\u00a0 bege, azul e verde.  A base do brinco \u00e9 em a\u00e7o inoxid\u00e1vel, garantindo durabilidade e conforto para o uso di\u00e1rio.  Uma pe\u00e7a \u00fanica de arte que vai adicionar um toque especial ao seu visual, combinando funcionalidade, estilo e resist\u00eancia.","og_url":"https:\/\/sararibeiroceramica.com\/en\/product\/brincos-selene-colecao-aurora\/","article_modified_time":"2026-02-18T17:08:23+00:00","og_image":[{"width":1365,"height":2048,"url":"https:\/\/sararibeiroceramica.com\/wp-content\/uploads\/2024\/11\/DSC0031.jpg","type":"image\/jpeg"}],"twitter_card":"summary_large_image","twitter_misc":{"Estimated reading time":"2 minutes"},"schema":{"@context":"https:\/\/schema.org","@graph":[{"@type":"WebPage","@id":"https:\/\/sararibeiroceramica.com\/produto\/brincos-selene-colecao-aurora\/","url":"https:\/\/sararibeiroceramica.com\/produto\/brincos-selene-colecao-aurora\/","name":"Brincos Selene- Cole\u00e7\u00e3o AURORA -","isPartOf":{"@id":"https:\/\/sararibeiroceramica.com\/#website"},"primaryImageOfPage":{"@id":"https:\/\/sararibeiroceramica.com\/produto\/brincos-selene-colecao-aurora\/#primaryimage"},"image":{"@id":"https:\/\/sararibeiroceramica.com\/produto\/brincos-selene-colecao-aurora\/#primaryimage"},"thumbnailUrl":"https:\/\/i0.wp.com\/sararibeiroceramica.com\/wp-content\/uploads\/2024\/11\/DSC0031.jpg?fit=1365%2C2048&ssl=1","datePublished":"2024-11-24T23:15:10+00:00","dateModified":"2026-02-18T17:08:23+00:00","breadcrumb":{"@id":"https:\/\/sararibeiroceramica.com\/produto\/brincos-selene-colecao-aurora\/#breadcrumb"},"inLanguage":"en-GB","potentialAction":[{"@type":"ReadAction","target":["https:\/\/sararibeiroceramica.com\/produto\/brincos-selene-colecao-aurora\/"]}]},{"@type":"ImageObject","inLanguage":"en-GB","@id":"https:\/\/sararibeiroceramica.com\/produto\/brincos-selene-colecao-aurora\/#primaryimage","url":"https:\/\/i0.wp.com\/sararibeiroceramica.com\/wp-content\/uploads\/2024\/11\/DSC0031.jpg?fit=1365%2C2048&ssl=1","contentUrl":"https:\/\/i0.wp.com\/sararibeiroceramica.com\/wp-content\/uploads\/2024\/11\/DSC0031.jpg?fit=1365%2C2048&ssl=1","width":1365,"height":2048},{"@type":"BreadcrumbList","@id":"https:\/\/sararibeiroceramica.com\/produto\/brincos-selene-colecao-aurora\/#breadcrumb","itemListElement":[{"@type":"ListItem","position":1,"name":"In\u00edcio","item":"https:\/\/sararibeiroceramica.com\/"},{"@type":"ListItem","position":2,"name":"Brincos Selene- Cole\u00e7\u00e3o AURORA"}]},{"@type":"WebSite","@id":"https:\/\/sararibeiroceramica.com\/#website","url":"https:\/\/sararibeiroceramica.com\/","name":"","description":"Loja de cer\u00e2mica criativa feita artesanalmente \u00e0 m\u00e3o na roda de oleiro","potentialAction":[{"@type":"SearchAction","target":{"@type":"EntryPoint","urlTemplate":"https:\/\/sararibeiroceramica.com\/?s={search_term_string}"},"query-input":{"@type":"PropertyValueSpecification","valueRequired":true,"valueName":"search_term_string"}}],"inLanguage":"en-GB"}]}},"jetpack_publicize_connections":[],"jetpack_likes_enabled":true,"jetpack_sharing_enabled":true,"_links":{"self":[{"href":"https:\/\/sararibeiroceramica.com\/en\/wp-json\/wp\/v2\/product\/8587","targetHints":{"allow":["GET"]}}],"collection":[{"href":"https:\/\/sararibeiroceramica.com\/en\/wp-json\/wp\/v2\/product"}],"about":[{"href":"https:\/\/sararibeiroceramica.com\/en\/wp-json\/wp\/v2\/types\/product"}],"replies":[{"embeddable":true,"href":"https:\/\/sararibeiroceramica.com\/en\/wp-json\/wp\/v2\/comments?post=8587"}],"version-history":[{"count":3,"href":"https:\/\/sararibeiroceramica.com\/en\/wp-json\/wp\/v2\/product\/8587\/revisions"}],"predecessor-version":[{"id":8733,"href":"https:\/\/sararibeiroceramica.com\/en\/wp-json\/wp\/v2\/product\/8587\/revisions\/8733"}],"wp:featuredmedia":[{"embeddable":true,"href":"https:\/\/sararibeiroceramica.com\/en\/wp-json\/wp\/v2\/media\/8588"}],"wp:attachment":[{"href":"https:\/\/sararibeiroceramica.com\/en\/wp-json\/wp\/v2\/media?parent=8587"}],"wp:term":[{"taxonomy":"product_brand","embeddable":true,"href":"https:\/\/sararibeiroceramica.com\/en\/wp-json\/wp\/v2\/product_brand?post=8587"},{"taxonomy":"product_cat","embeddable":true,"href":"https:\/\/sararibeiroceramica.com\/en\/wp-json\/wp\/v2\/product_cat?post=8587"},{"taxonomy":"product_tag","embeddable":true,"href":"https:\/\/sararibeiroceramica.com\/en\/wp-json\/wp\/v2\/product_tag?post=8587"}],"curies":[{"name":"wp","href":"https:\/\/api.w.org\/{rel}","templated":true}]}}