{"id":7724,"date":"2024-05-14T21:24:56","date_gmt":"2024-05-14T20:24:56","guid":{"rendered":"https:\/\/sararibeiroceramica.com\/?post_type=product&#038;p=7724"},"modified":"2024-11-27T21:40:28","modified_gmt":"2024-11-27T21:40:28","slug":"caneca-almocadeira-freya","status":"publish","type":"product","link":"https:\/\/sararibeiroceramica.com\/en\/product\/caneca-almocadeira-freya\/","title":{"rendered":"Caneca Almo\u00e7adeira- Freya"},"content":{"rendered":"<p>Caneca Almo\u00e7adeira feita artesanalmente e \u00e0 m\u00e3o na roda de oleiro.<\/p>\n<p>A piece in red clay. Glazed in shades of beige, blue and green.<\/p>\n<p>It's a piece of art that can be used daily, for cold or hot drinks, like your coffee or tea!<\/p>\n<p>Non-toxic and safe for food placement.<\/p>\n<p>Medidas:10&#215;9 cm<\/p>\n<p>* These pieces are handmade, which means they have their own special charm, they may not be \u201cperfect\u201d but are unique and special, like the people who use them! No two pieces are alike. The piece you receive, despite the similarity to the reference photo, will be slightly different while retaining its uniqueness!<\/p>\n<p>** Sometimes the bottom of ceramic tiles can become damp. This is due to the natural porosity of the clay. At Sara Ribeiro Cer\u00e2mica I prevent this from happening, however, it is recommended to place the piece you purchase on a cork surface or in a material that allows the air to move under it, keeping it dry.<\/p>","protected":false},"excerpt":{"rendered":"<p>Caneca Almo\u00e7adeira\u00a0 feita artesanalmente e \u00e0 m\u00e3o na roda de oleiro.<\/p>\n<p>A piece in red clay. Glazed in shades of beige, blue and green.<\/p>\n<p>It's a piece of art that can be used daily, for cold or hot drinks, like your coffee or tea!<\/p>","protected":false},"featured_media":7725,"comment_status":"open","ping_status":"closed","template":"","meta":{"_coblocks_attr":"","_coblocks_dimensions":"","_coblocks_responsive_height":"","_coblocks_accordion_ie_support":"","site-sidebar-layout":"default","site-content-layout":"default","ast-site-content-layout":"default","site-content-style":"default","site-sidebar-style":"default","ast-global-header-display":"","ast-banner-title-visibility":"","ast-main-header-display":"","ast-hfb-above-header-display":"","ast-hfb-below-header-display":"","ast-hfb-mobile-header-display":"","site-post-title":"","ast-breadcrumbs-content":"","ast-featured-img":"","footer-sml-layout":"","theme-transparent-header-meta":"default","adv-header-id-meta":"","stick-header-meta":"","header-above-stick-meta":"","header-main-stick-meta":"","header-below-stick-meta":"","astra-migrate-meta-layouts":"set","ast-page-background-enabled":"default","ast-page-background-meta":{"desktop":{"background-color":"","background-image":"","background-repeat":"repeat","background-position":"center center","background-size":"auto","background-attachment":"scroll","background-type":"","background-media":"","overlay-type":"","overlay-color":"","overlay-gradient":""},"tablet":{"background-color":"","background-image":"","background-repeat":"repeat","background-position":"center center","background-size":"auto","background-attachment":"scroll","background-type":"","background-media":"","overlay-type":"","overlay-color":"","overlay-gradient":""},"mobile":{"background-color":"","background-image":"","background-repeat":"repeat","background-position":"center center","background-size":"auto","background-attachment":"scroll","background-type":"","background-media":"","overlay-type":"","overlay-color":"","overlay-gradient":""}},"ast-content-background-meta":{"desktop":{"background-color":"var(--ast-global-color-5)","background-image":"","background-repeat":"repeat","background-position":"center center","background-size":"auto","background-attachment":"scroll","background-type":"","background-media":"","overlay-type":"","overlay-color":"","overlay-gradient":""},"tablet":{"background-color":"var(--ast-global-color-5)","background-image":"","background-repeat":"repeat","background-position":"center center","background-size":"auto","background-attachment":"scroll","background-type":"","background-media":"","overlay-type":"","overlay-color":"","overlay-gradient":""},"mobile":{"background-color":"var(--ast-global-color-5)","background-image":"","background-repeat":"repeat","background-position":"center center","background-size":"auto","background-attachment":"scroll","background-type":"","background-media":"","overlay-type":"","overlay-color":"","overlay-gradient":""}},"jetpack_post_was_ever_published":false,"jetpack_publicize_message":"","jetpack_publicize_feature_enabled":true,"jetpack_social_post_already_shared":true,"jetpack_social_options":{"image_generator_settings":{"template":"highway","default_image_id":0,"font":"","enabled":false},"version":2},"_wpas_customize_per_network":false},"product_brand":[],"product_cat":[5387200,5387025,5387028],"product_tag":[],"class_list":{"0":"post-7724","1":"product","2":"type-product","3":"status-publish","4":"has-post-thumbnail","6":"product_cat-canecas-almocadeiras","7":"product_cat-colecao-freya","8":"product_cat-pecas-utilitarias","9":"product_shipping_class-caneca","10":"desktop-align-left","11":"tablet-align-left","12":"mobile-align-left","14":"first","15":"outofstock","16":"shipping-taxable","17":"purchasable","18":"product-type-simple"},"yoast_head":"<!-- This site is optimized with the Yoast SEO plugin v27.3 - https:\/\/yoast.com\/product\/yoast-seo-wordpress\/ -->\n<title>Caneca Almo\u00e7adeira- Freya -<\/title>\n<meta name=\"robots\" content=\"index, follow, max-snippet:-1, max-image-preview:large, max-video-preview:-1\" \/>\n<link rel=\"canonical\" href=\"https:\/\/sararibeiroceramica.com\/en\/product\/caneca-almocadeira-freya\/\" \/>\n<meta property=\"og:locale\" content=\"en_GB\" \/>\n<meta property=\"og:type\" content=\"article\" \/>\n<meta property=\"og:title\" content=\"Caneca Almo\u00e7adeira- Freya -\" \/>\n<meta property=\"og:description\" content=\"Caneca Almo\u00e7adeira\u00a0 feita artesanalmente e \u00e0 m\u00e3o na roda de oleiro.  Pe\u00e7a em barro vermelho, com vidrado em tons de bege, azul e verde.  \u00c9 uma pe\u00e7a de arte que pode ser usada diariamente, para bebidas frias ou quentes, como o seu caf\u00e9 ou ch\u00e1!\" \/>\n<meta property=\"og:url\" content=\"https:\/\/sararibeiroceramica.com\/en\/product\/caneca-almocadeira-freya\/\" \/>\n<meta property=\"article:modified_time\" content=\"2024-11-27T21:40:28+00:00\" \/>\n<meta property=\"og:image\" content=\"https:\/\/sararibeiroceramica.com\/wp-content\/uploads\/2024\/05\/IMG_4888.jpg\" \/>\n\t<meta property=\"og:image:width\" content=\"1638\" \/>\n\t<meta property=\"og:image:height\" content=\"2048\" \/>\n\t<meta property=\"og:image:type\" content=\"image\/jpeg\" \/>\n<meta name=\"twitter:card\" content=\"summary_large_image\" \/>\n<meta name=\"twitter:label1\" content=\"Estimated reading time\" \/>\n\t<meta name=\"twitter:data1\" content=\"2 minutes\" \/>\n<script type=\"application\/ld+json\" class=\"yoast-schema-graph\">{\"@context\":\"https:\\\/\\\/schema.org\",\"@graph\":[{\"@type\":\"WebPage\",\"@id\":\"https:\\\/\\\/sararibeiroceramica.com\\\/produto\\\/caneca-almocadeira-freya\\\/\",\"url\":\"https:\\\/\\\/sararibeiroceramica.com\\\/produto\\\/caneca-almocadeira-freya\\\/\",\"name\":\"Caneca Almo\u00e7adeira- Freya -\",\"isPartOf\":{\"@id\":\"https:\\\/\\\/sararibeiroceramica.com\\\/#website\"},\"primaryImageOfPage\":{\"@id\":\"https:\\\/\\\/sararibeiroceramica.com\\\/produto\\\/caneca-almocadeira-freya\\\/#primaryimage\"},\"image\":{\"@id\":\"https:\\\/\\\/sararibeiroceramica.com\\\/produto\\\/caneca-almocadeira-freya\\\/#primaryimage\"},\"thumbnailUrl\":\"https:\\\/\\\/i0.wp.com\\\/sararibeiroceramica.com\\\/wp-content\\\/uploads\\\/2024\\\/05\\\/IMG_4888.jpg?fit=1638%2C2048&ssl=1\",\"datePublished\":\"2024-05-14T20:24:56+00:00\",\"dateModified\":\"2024-11-27T21:40:28+00:00\",\"breadcrumb\":{\"@id\":\"https:\\\/\\\/sararibeiroceramica.com\\\/produto\\\/caneca-almocadeira-freya\\\/#breadcrumb\"},\"inLanguage\":\"en-GB\",\"potentialAction\":[{\"@type\":\"ReadAction\",\"target\":[\"https:\\\/\\\/sararibeiroceramica.com\\\/produto\\\/caneca-almocadeira-freya\\\/\"]}]},{\"@type\":\"ImageObject\",\"inLanguage\":\"en-GB\",\"@id\":\"https:\\\/\\\/sararibeiroceramica.com\\\/produto\\\/caneca-almocadeira-freya\\\/#primaryimage\",\"url\":\"https:\\\/\\\/i0.wp.com\\\/sararibeiroceramica.com\\\/wp-content\\\/uploads\\\/2024\\\/05\\\/IMG_4888.jpg?fit=1638%2C2048&ssl=1\",\"contentUrl\":\"https:\\\/\\\/i0.wp.com\\\/sararibeiroceramica.com\\\/wp-content\\\/uploads\\\/2024\\\/05\\\/IMG_4888.jpg?fit=1638%2C2048&ssl=1\",\"width\":1638,\"height\":2048},{\"@type\":\"BreadcrumbList\",\"@id\":\"https:\\\/\\\/sararibeiroceramica.com\\\/produto\\\/caneca-almocadeira-freya\\\/#breadcrumb\",\"itemListElement\":[{\"@type\":\"ListItem\",\"position\":1,\"name\":\"In\u00edcio\",\"item\":\"https:\\\/\\\/sararibeiroceramica.com\\\/\"},{\"@type\":\"ListItem\",\"position\":2,\"name\":\"Caneca Almo\u00e7adeira- Freya\"}]},{\"@type\":\"WebSite\",\"@id\":\"https:\\\/\\\/sararibeiroceramica.com\\\/#website\",\"url\":\"https:\\\/\\\/sararibeiroceramica.com\\\/\",\"name\":\"\",\"description\":\"Loja de cer\u00e2mica criativa feita artesanalmente \u00e0 m\u00e3o na roda de oleiro\",\"potentialAction\":[{\"@type\":\"SearchAction\",\"target\":{\"@type\":\"EntryPoint\",\"urlTemplate\":\"https:\\\/\\\/sararibeiroceramica.com\\\/?s={search_term_string}\"},\"query-input\":{\"@type\":\"PropertyValueSpecification\",\"valueRequired\":true,\"valueName\":\"search_term_string\"}}],\"inLanguage\":\"en-GB\"}]}<\/script>\n<!-- \/ Yoast SEO plugin. -->","yoast_head_json":{"title":"Caneca Almo\u00e7adeira- Freya -","robots":{"index":"index","follow":"follow","max-snippet":"max-snippet:-1","max-image-preview":"max-image-preview:large","max-video-preview":"max-video-preview:-1"},"canonical":"https:\/\/sararibeiroceramica.com\/en\/product\/caneca-almocadeira-freya\/","og_locale":"en_GB","og_type":"article","og_title":"Caneca Almo\u00e7adeira- Freya -","og_description":"Caneca Almo\u00e7adeira\u00a0 feita artesanalmente e \u00e0 m\u00e3o na roda de oleiro.  Pe\u00e7a em barro vermelho, com vidrado em tons de bege, azul e verde.  \u00c9 uma pe\u00e7a de arte que pode ser usada diariamente, para bebidas frias ou quentes, como o seu caf\u00e9 ou ch\u00e1!","og_url":"https:\/\/sararibeiroceramica.com\/en\/product\/caneca-almocadeira-freya\/","article_modified_time":"2024-11-27T21:40:28+00:00","og_image":[{"width":1638,"height":2048,"url":"https:\/\/sararibeiroceramica.com\/wp-content\/uploads\/2024\/05\/IMG_4888.jpg","type":"image\/jpeg"}],"twitter_card":"summary_large_image","twitter_misc":{"Estimated reading time":"2 minutes"},"schema":{"@context":"https:\/\/schema.org","@graph":[{"@type":"WebPage","@id":"https:\/\/sararibeiroceramica.com\/produto\/caneca-almocadeira-freya\/","url":"https:\/\/sararibeiroceramica.com\/produto\/caneca-almocadeira-freya\/","name":"Caneca Almo\u00e7adeira- Freya -","isPartOf":{"@id":"https:\/\/sararibeiroceramica.com\/#website"},"primaryImageOfPage":{"@id":"https:\/\/sararibeiroceramica.com\/produto\/caneca-almocadeira-freya\/#primaryimage"},"image":{"@id":"https:\/\/sararibeiroceramica.com\/produto\/caneca-almocadeira-freya\/#primaryimage"},"thumbnailUrl":"https:\/\/i0.wp.com\/sararibeiroceramica.com\/wp-content\/uploads\/2024\/05\/IMG_4888.jpg?fit=1638%2C2048&ssl=1","datePublished":"2024-05-14T20:24:56+00:00","dateModified":"2024-11-27T21:40:28+00:00","breadcrumb":{"@id":"https:\/\/sararibeiroceramica.com\/produto\/caneca-almocadeira-freya\/#breadcrumb"},"inLanguage":"en-GB","potentialAction":[{"@type":"ReadAction","target":["https:\/\/sararibeiroceramica.com\/produto\/caneca-almocadeira-freya\/"]}]},{"@type":"ImageObject","inLanguage":"en-GB","@id":"https:\/\/sararibeiroceramica.com\/produto\/caneca-almocadeira-freya\/#primaryimage","url":"https:\/\/i0.wp.com\/sararibeiroceramica.com\/wp-content\/uploads\/2024\/05\/IMG_4888.jpg?fit=1638%2C2048&ssl=1","contentUrl":"https:\/\/i0.wp.com\/sararibeiroceramica.com\/wp-content\/uploads\/2024\/05\/IMG_4888.jpg?fit=1638%2C2048&ssl=1","width":1638,"height":2048},{"@type":"BreadcrumbList","@id":"https:\/\/sararibeiroceramica.com\/produto\/caneca-almocadeira-freya\/#breadcrumb","itemListElement":[{"@type":"ListItem","position":1,"name":"In\u00edcio","item":"https:\/\/sararibeiroceramica.com\/"},{"@type":"ListItem","position":2,"name":"Caneca Almo\u00e7adeira- Freya"}]},{"@type":"WebSite","@id":"https:\/\/sararibeiroceramica.com\/#website","url":"https:\/\/sararibeiroceramica.com\/","name":"","description":"Loja de cer\u00e2mica criativa feita artesanalmente \u00e0 m\u00e3o na roda de oleiro","potentialAction":[{"@type":"SearchAction","target":{"@type":"EntryPoint","urlTemplate":"https:\/\/sararibeiroceramica.com\/?s={search_term_string}"},"query-input":{"@type":"PropertyValueSpecification","valueRequired":true,"valueName":"search_term_string"}}],"inLanguage":"en-GB"}]}},"jetpack_publicize_connections":[],"jetpack_likes_enabled":true,"jetpack_sharing_enabled":true,"_links":{"self":[{"href":"https:\/\/sararibeiroceramica.com\/en\/wp-json\/wp\/v2\/product\/7724","targetHints":{"allow":["GET"]}}],"collection":[{"href":"https:\/\/sararibeiroceramica.com\/en\/wp-json\/wp\/v2\/product"}],"about":[{"href":"https:\/\/sararibeiroceramica.com\/en\/wp-json\/wp\/v2\/types\/product"}],"replies":[{"embeddable":true,"href":"https:\/\/sararibeiroceramica.com\/en\/wp-json\/wp\/v2\/comments?post=7724"}],"version-history":[{"count":2,"href":"https:\/\/sararibeiroceramica.com\/en\/wp-json\/wp\/v2\/product\/7724\/revisions"}],"predecessor-version":[{"id":7734,"href":"https:\/\/sararibeiroceramica.com\/en\/wp-json\/wp\/v2\/product\/7724\/revisions\/7734"}],"wp:featuredmedia":[{"embeddable":true,"href":"https:\/\/sararibeiroceramica.com\/en\/wp-json\/wp\/v2\/media\/7725"}],"wp:attachment":[{"href":"https:\/\/sararibeiroceramica.com\/en\/wp-json\/wp\/v2\/media?parent=7724"}],"wp:term":[{"taxonomy":"product_brand","embeddable":true,"href":"https:\/\/sararibeiroceramica.com\/en\/wp-json\/wp\/v2\/product_brand?post=7724"},{"taxonomy":"product_cat","embeddable":true,"href":"https:\/\/sararibeiroceramica.com\/en\/wp-json\/wp\/v2\/product_cat?post=7724"},{"taxonomy":"product_tag","embeddable":true,"href":"https:\/\/sararibeiroceramica.com\/en\/wp-json\/wp\/v2\/product_tag?post=7724"}],"curies":[{"name":"wp","href":"https:\/\/api.w.org\/{rel}","templated":true}]}}