{"id":7403,"date":"2024-01-19T18:07:47","date_gmt":"2024-01-19T18:07:47","guid":{"rendered":"https:\/\/sararibeiroceramica.com\/?post_type=product&#038;p=7403"},"modified":"2025-08-18T10:34:53","modified_gmt":"2025-08-18T09:34:53","slug":"ateliers-regulares-de-ceramica-adultos","status":"publish","type":"product","link":"https:\/\/sararibeiroceramica.com\/en\/product\/ateliers-regulares-de-ceramica-adultos\/","title":{"rendered":"Pack de 4 Aulas Regulares de Cer\u00e2mica- Adultos"},"content":{"rendered":"<p>Este pack exclusivo proporciona uma experi\u00eancia envolvente e criativa no mundo da cer\u00e2mica, especialmente pensado para <strong>adultos<\/strong>. Ao longo de <strong>quatro aulas regulares<\/strong>, os participantes ter\u00e3o a oportunidade de explorar a <strong>criatividade<\/strong>, desenvolver projetos personalizados e aprender <strong>t\u00e9cnicas essenciais<\/strong>, sempre com a orienta\u00e7\u00e3o de uma ceramista experiente.<\/p>\n<p><strong>O que inclui o pack?<\/strong><br \/>\n\u2728 <strong>T\u00e9cnicas de modelagem de barro<\/strong><br \/>\n\u2728 <strong>Aplica\u00e7\u00e3o de engobe<\/strong>, permitindo pintar as pe\u00e7as \u00e0 sua escolha e explorar a <strong>criatividade art\u00edstica<\/strong><br \/>\n\u2728 <strong>Libertar a criatividade<\/strong> e expressar a arte atrav\u00e9s da cer\u00e2mica<br \/>\n\u2728 <strong>Cozedura<\/strong> e aplica\u00e7\u00e3o de <strong>vidrado transparente<\/strong> nas pe\u00e7as ap\u00f3s as aulas, garantindo um acabamento final de qualidade<br \/>\n\u2728 <strong>Entrega das pe\u00e7as finalizadas<\/strong> numa data a combinar<\/p>\n<p><strong>Por que escolher este pack?<\/strong><br \/>\n\u2728 Um momento \u00fanico de <strong>descompress\u00e3o e bem-estar<\/strong>, ideal para <strong>desconectar<\/strong> da rotina e mergulhar no universo da <strong>arte<\/strong>, enquanto se deixa levar pela <strong>criatividade<\/strong>!<br \/>\n\u2728 Desenvolve a <strong>criatividade<\/strong> e a <strong>concentra\u00e7\u00e3o<\/strong><br \/>\n\u2728 Estimula a <strong>coordena\u00e7\u00e3o motora<\/strong> e a <strong>paci\u00eancia<\/strong><br \/>\n\u2728 Permite que cada participante <strong>expresse a sua personalidade<\/strong> atrav\u00e9s da arte<br \/>\n\u2728 No final, leva para casa as suas cria\u00e7\u00f5es \u2013 um verdadeiro orgulho para mostrar \u00e0 fam\u00edlia ou amigos!<\/p>\n<p><strong>Detalhes das Aulas<\/strong><br \/>\n<strong>Hor\u00e1rio:<\/strong> <strong>Domingos, das 10:30 \u00e0s 12:30<\/strong><br \/>\n<strong>Dura\u00e7\u00e3o: 2 horas por sess\u00e3o<\/strong><br \/>\n<strong>M\u00e1ximo de participantes:<\/strong> 5 adultos por turma<br \/>\n<strong>Localiza\u00e7\u00e3o:<\/strong> Monte do Branquinho, Rua das Orqu\u00eddeas, Cane\u00e7as , Odivelas, 2715-311<\/p>\n<p><strong>Quer experimentar antes de adquirir o pack?<\/strong><br \/>\nExiste a possibilidade de marcar uma <strong>aula avulsa<\/strong>, ideal para experimentar a cer\u00e2mica antes de avan\u00e7ar para as aulas regulares. Para mais informa\u00e7\u00f5es, envie-nos uma mensagem!<\/p>\n<p><strong>Informa\u00e7\u00f5es Importantes<\/strong><br \/>\n<strong>Compra do pack:<\/strong> Este pack inclui <strong>4 aulas regulares<\/strong> e \u00e9 exclusivo para uma pessoa.<br \/>\n<strong>Faltas:<\/strong> Caso n\u00e3o possa comparecer, pedimos que nos notifique com pelo menos <strong>3 dias de anteced\u00eancia<\/strong> para permitir o reagendamento. Aulas canceladas no pr\u00f3prio dia n\u00e3o poder\u00e3o ser recuperadas.<\/p>\n<p>Em caso de d\u00favida, por favor, <strong>envie uma mensagem<\/strong> atrav\u00e9s do <a href=\"https:\/\/sararibeiroceramica.com\/en\/contact-us\/\"><strong>formul\u00e1rio de contacto<\/strong>.<\/a><\/p>","protected":false},"excerpt":{"rendered":"<p>Este pack exclusivo proporciona uma experi\u00eancia envolvente e criativa no mundo da cer\u00e2mica, especialmente pensado para <strong>adultos<\/strong>. Ao longo de <strong>4\u00a0aulas regulares<\/strong>, os participantes ter\u00e3o a oportunidade de explorar a <strong>criatividade<\/strong>, desenvolver projetos personalizados e aprender <strong>t\u00e9cnicas essenciais<\/strong>, sempre com a orienta\u00e7\u00e3o de uma ceramista experiente.<\/p>\n<p>&nbsp;<\/p>","protected":false},"featured_media":7410,"comment_status":"open","ping_status":"closed","template":"","meta":{"_coblocks_attr":"","_coblocks_dimensions":"","_coblocks_responsive_height":"","_coblocks_accordion_ie_support":"","site-sidebar-layout":"default","site-content-layout":"default","ast-site-content-layout":"default","site-content-style":"default","site-sidebar-style":"default","ast-global-header-display":"","ast-banner-title-visibility":"","ast-main-header-display":"","ast-hfb-above-header-display":"","ast-hfb-below-header-display":"","ast-hfb-mobile-header-display":"","site-post-title":"","ast-breadcrumbs-content":"","ast-featured-img":"","footer-sml-layout":"","theme-transparent-header-meta":"default","adv-header-id-meta":"","stick-header-meta":"","header-above-stick-meta":"","header-main-stick-meta":"","header-below-stick-meta":"","astra-migrate-meta-layouts":"set","ast-page-background-enabled":"default","ast-page-background-meta":{"desktop":{"background-color":"","background-image":"","background-repeat":"repeat","background-position":"center center","background-size":"auto","background-attachment":"scroll","background-type":"","background-media":"","overlay-type":"","overlay-color":"","overlay-gradient":""},"tablet":{"background-color":"","background-image":"","background-repeat":"repeat","background-position":"center center","background-size":"auto","background-attachment":"scroll","background-type":"","background-media":"","overlay-type":"","overlay-color":"","overlay-gradient":""},"mobile":{"background-color":"","background-image":"","background-repeat":"repeat","background-position":"center center","background-size":"auto","background-attachment":"scroll","background-type":"","background-media":"","overlay-type":"","overlay-color":"","overlay-gradient":""}},"ast-content-background-meta":{"desktop":{"background-color":"var(--ast-global-color-5)","background-image":"","background-repeat":"repeat","background-position":"center center","background-size":"auto","background-attachment":"scroll","background-type":"","background-media":"","overlay-type":"","overlay-color":"","overlay-gradient":""},"tablet":{"background-color":"var(--ast-global-color-5)","background-image":"","background-repeat":"repeat","background-position":"center center","background-size":"auto","background-attachment":"scroll","background-type":"","background-media":"","overlay-type":"","overlay-color":"","overlay-gradient":""},"mobile":{"background-color":"var(--ast-global-color-5)","background-image":"","background-repeat":"repeat","background-position":"center center","background-size":"auto","background-attachment":"scroll","background-type":"","background-media":"","overlay-type":"","overlay-color":"","overlay-gradient":""}},"jetpack_publicize_message":"","jetpack_publicize_feature_enabled":true,"jetpack_social_post_already_shared":true,"jetpack_social_options":{"image_generator_settings":{"template":"highway","default_image_id":0,"font":"","enabled":false},"version":2},"_wpas_customize_per_network":false},"product_brand":[],"product_cat":[5387294],"product_tag":[],"class_list":{"0":"post-7403","1":"product","2":"type-product","3":"status-publish","4":"has-post-thumbnail","6":"product_cat-aulas","7":"desktop-align-left","8":"tablet-align-left","9":"mobile-align-left","11":"first","12":"instock","13":"shipping-taxable","14":"purchasable","15":"product-type-variable"},"yoast_head":"<!-- This site is optimized with the Yoast SEO plugin v27.4 - https:\/\/yoast.com\/product\/yoast-seo-wordpress\/ -->\n<title>Pack de 4 Aulas Regulares de Cer\u00e2mica- Adultos -<\/title>\n<meta name=\"robots\" content=\"index, follow, max-snippet:-1, max-image-preview:large, max-video-preview:-1\" \/>\n<link rel=\"canonical\" href=\"https:\/\/sararibeiroceramica.com\/en\/product\/ateliers-regulares-de-ceramica-adultos\/\" \/>\n<meta property=\"og:locale\" content=\"en_GB\" \/>\n<meta property=\"og:type\" content=\"article\" \/>\n<meta property=\"og:title\" content=\"Pack de 4 Aulas Regulares de Cer\u00e2mica- Adultos -\" \/>\n<meta property=\"og:description\" content=\"Este pack exclusivo proporciona uma experi\u00eancia envolvente e criativa no mundo da cer\u00e2mica, especialmente pensado para adultos. Ao longo de 4\u00a0aulas regulares, os participantes ter\u00e3o a oportunidade de explorar a criatividade, desenvolver projetos personalizados e aprender t\u00e9cnicas essenciais, sempre com a orienta\u00e7\u00e3o de uma ceramista experiente.  &nbsp;\" \/>\n<meta property=\"og:url\" content=\"https:\/\/sararibeiroceramica.com\/en\/product\/ateliers-regulares-de-ceramica-adultos\/\" \/>\n<meta property=\"article:modified_time\" content=\"2025-08-18T09:34:53+00:00\" \/>\n<meta property=\"og:image\" content=\"https:\/\/sararibeiroceramica.com\/wp-content\/uploads\/2024\/01\/IMG_3250-819x1024.jpg\" \/>\n\t<meta property=\"og:image:width\" content=\"819\" \/>\n\t<meta property=\"og:image:height\" content=\"1024\" \/>\n\t<meta property=\"og:image:type\" content=\"image\/jpeg\" \/>\n<meta name=\"twitter:card\" content=\"summary_large_image\" \/>\n<meta name=\"twitter:label1\" content=\"Estimated reading time\" \/>\n\t<meta name=\"twitter:data1\" content=\"2 minutes\" \/>\n<script type=\"application\/ld+json\" class=\"yoast-schema-graph\">{\"@context\":\"https:\\\/\\\/schema.org\",\"@graph\":[{\"@type\":\"WebPage\",\"@id\":\"https:\\\/\\\/sararibeiroceramica.com\\\/produto\\\/ateliers-regulares-de-ceramica-adultos\\\/\",\"url\":\"https:\\\/\\\/sararibeiroceramica.com\\\/produto\\\/ateliers-regulares-de-ceramica-adultos\\\/\",\"name\":\"Pack de 4 Aulas Regulares de Cer\u00e2mica- Adultos -\",\"isPartOf\":{\"@id\":\"https:\\\/\\\/sararibeiroceramica.com\\\/#website\"},\"primaryImageOfPage\":{\"@id\":\"https:\\\/\\\/sararibeiroceramica.com\\\/produto\\\/ateliers-regulares-de-ceramica-adultos\\\/#primaryimage\"},\"image\":{\"@id\":\"https:\\\/\\\/sararibeiroceramica.com\\\/produto\\\/ateliers-regulares-de-ceramica-adultos\\\/#primaryimage\"},\"thumbnailUrl\":\"https:\\\/\\\/i0.wp.com\\\/sararibeiroceramica.com\\\/wp-content\\\/uploads\\\/2024\\\/01\\\/IMG_3250.jpg?fit=1638%2C2048&ssl=1\",\"datePublished\":\"2024-01-19T18:07:47+00:00\",\"dateModified\":\"2025-08-18T09:34:53+00:00\",\"breadcrumb\":{\"@id\":\"https:\\\/\\\/sararibeiroceramica.com\\\/produto\\\/ateliers-regulares-de-ceramica-adultos\\\/#breadcrumb\"},\"inLanguage\":\"en-GB\",\"potentialAction\":[{\"@type\":\"ReadAction\",\"target\":[\"https:\\\/\\\/sararibeiroceramica.com\\\/produto\\\/ateliers-regulares-de-ceramica-adultos\\\/\"]}]},{\"@type\":\"ImageObject\",\"inLanguage\":\"en-GB\",\"@id\":\"https:\\\/\\\/sararibeiroceramica.com\\\/produto\\\/ateliers-regulares-de-ceramica-adultos\\\/#primaryimage\",\"url\":\"https:\\\/\\\/i0.wp.com\\\/sararibeiroceramica.com\\\/wp-content\\\/uploads\\\/2024\\\/01\\\/IMG_3250.jpg?fit=1638%2C2048&ssl=1\",\"contentUrl\":\"https:\\\/\\\/i0.wp.com\\\/sararibeiroceramica.com\\\/wp-content\\\/uploads\\\/2024\\\/01\\\/IMG_3250.jpg?fit=1638%2C2048&ssl=1\",\"width\":1638,\"height\":2048},{\"@type\":\"BreadcrumbList\",\"@id\":\"https:\\\/\\\/sararibeiroceramica.com\\\/produto\\\/ateliers-regulares-de-ceramica-adultos\\\/#breadcrumb\",\"itemListElement\":[{\"@type\":\"ListItem\",\"position\":1,\"name\":\"In\u00edcio\",\"item\":\"https:\\\/\\\/sararibeiroceramica.com\\\/\"},{\"@type\":\"ListItem\",\"position\":2,\"name\":\"Pack de 4 Aulas Regulares de Cer\u00e2mica- Adultos\"}]},{\"@type\":\"WebSite\",\"@id\":\"https:\\\/\\\/sararibeiroceramica.com\\\/#website\",\"url\":\"https:\\\/\\\/sararibeiroceramica.com\\\/\",\"name\":\"\",\"description\":\"Loja de cer\u00e2mica criativa feita artesanalmente \u00e0 m\u00e3o na roda de oleiro\",\"potentialAction\":[{\"@type\":\"SearchAction\",\"target\":{\"@type\":\"EntryPoint\",\"urlTemplate\":\"https:\\\/\\\/sararibeiroceramica.com\\\/?s={search_term_string}\"},\"query-input\":{\"@type\":\"PropertyValueSpecification\",\"valueRequired\":true,\"valueName\":\"search_term_string\"}}],\"inLanguage\":\"en-GB\"}]}<\/script>\n<!-- \/ Yoast SEO plugin. -->","yoast_head_json":{"title":"Pack de 4 Aulas Regulares de Cer\u00e2mica- Adultos -","robots":{"index":"index","follow":"follow","max-snippet":"max-snippet:-1","max-image-preview":"max-image-preview:large","max-video-preview":"max-video-preview:-1"},"canonical":"https:\/\/sararibeiroceramica.com\/en\/product\/ateliers-regulares-de-ceramica-adultos\/","og_locale":"en_GB","og_type":"article","og_title":"Pack de 4 Aulas Regulares de Cer\u00e2mica- Adultos -","og_description":"Este pack exclusivo proporciona uma experi\u00eancia envolvente e criativa no mundo da cer\u00e2mica, especialmente pensado para adultos. Ao longo de 4\u00a0aulas regulares, os participantes ter\u00e3o a oportunidade de explorar a criatividade, desenvolver projetos personalizados e aprender t\u00e9cnicas essenciais, sempre com a orienta\u00e7\u00e3o de uma ceramista experiente.  &nbsp;","og_url":"https:\/\/sararibeiroceramica.com\/en\/product\/ateliers-regulares-de-ceramica-adultos\/","article_modified_time":"2025-08-18T09:34:53+00:00","og_image":[{"width":819,"height":1024,"url":"https:\/\/sararibeiroceramica.com\/wp-content\/uploads\/2024\/01\/IMG_3250-819x1024.jpg","type":"image\/jpeg"}],"twitter_card":"summary_large_image","twitter_misc":{"Estimated reading time":"2 minutes"},"schema":{"@context":"https:\/\/schema.org","@graph":[{"@type":"WebPage","@id":"https:\/\/sararibeiroceramica.com\/produto\/ateliers-regulares-de-ceramica-adultos\/","url":"https:\/\/sararibeiroceramica.com\/produto\/ateliers-regulares-de-ceramica-adultos\/","name":"Pack de 4 Aulas Regulares de Cer\u00e2mica- Adultos -","isPartOf":{"@id":"https:\/\/sararibeiroceramica.com\/#website"},"primaryImageOfPage":{"@id":"https:\/\/sararibeiroceramica.com\/produto\/ateliers-regulares-de-ceramica-adultos\/#primaryimage"},"image":{"@id":"https:\/\/sararibeiroceramica.com\/produto\/ateliers-regulares-de-ceramica-adultos\/#primaryimage"},"thumbnailUrl":"https:\/\/i0.wp.com\/sararibeiroceramica.com\/wp-content\/uploads\/2024\/01\/IMG_3250.jpg?fit=1638%2C2048&ssl=1","datePublished":"2024-01-19T18:07:47+00:00","dateModified":"2025-08-18T09:34:53+00:00","breadcrumb":{"@id":"https:\/\/sararibeiroceramica.com\/produto\/ateliers-regulares-de-ceramica-adultos\/#breadcrumb"},"inLanguage":"en-GB","potentialAction":[{"@type":"ReadAction","target":["https:\/\/sararibeiroceramica.com\/produto\/ateliers-regulares-de-ceramica-adultos\/"]}]},{"@type":"ImageObject","inLanguage":"en-GB","@id":"https:\/\/sararibeiroceramica.com\/produto\/ateliers-regulares-de-ceramica-adultos\/#primaryimage","url":"https:\/\/i0.wp.com\/sararibeiroceramica.com\/wp-content\/uploads\/2024\/01\/IMG_3250.jpg?fit=1638%2C2048&ssl=1","contentUrl":"https:\/\/i0.wp.com\/sararibeiroceramica.com\/wp-content\/uploads\/2024\/01\/IMG_3250.jpg?fit=1638%2C2048&ssl=1","width":1638,"height":2048},{"@type":"BreadcrumbList","@id":"https:\/\/sararibeiroceramica.com\/produto\/ateliers-regulares-de-ceramica-adultos\/#breadcrumb","itemListElement":[{"@type":"ListItem","position":1,"name":"In\u00edcio","item":"https:\/\/sararibeiroceramica.com\/"},{"@type":"ListItem","position":2,"name":"Pack de 4 Aulas Regulares de Cer\u00e2mica- Adultos"}]},{"@type":"WebSite","@id":"https:\/\/sararibeiroceramica.com\/#website","url":"https:\/\/sararibeiroceramica.com\/","name":"","description":"Loja de cer\u00e2mica criativa feita artesanalmente \u00e0 m\u00e3o na roda de oleiro","potentialAction":[{"@type":"SearchAction","target":{"@type":"EntryPoint","urlTemplate":"https:\/\/sararibeiroceramica.com\/?s={search_term_string}"},"query-input":{"@type":"PropertyValueSpecification","valueRequired":true,"valueName":"search_term_string"}}],"inLanguage":"en-GB"}]}},"jetpack_publicize_connections":[],"jetpack_likes_enabled":true,"jetpack_sharing_enabled":true,"_links":{"self":[{"href":"https:\/\/sararibeiroceramica.com\/en\/wp-json\/wp\/v2\/product\/7403","targetHints":{"allow":["GET"]}}],"collection":[{"href":"https:\/\/sararibeiroceramica.com\/en\/wp-json\/wp\/v2\/product"}],"about":[{"href":"https:\/\/sararibeiroceramica.com\/en\/wp-json\/wp\/v2\/types\/product"}],"replies":[{"embeddable":true,"href":"https:\/\/sararibeiroceramica.com\/en\/wp-json\/wp\/v2\/comments?post=7403"}],"version-history":[{"count":28,"href":"https:\/\/sararibeiroceramica.com\/en\/wp-json\/wp\/v2\/product\/7403\/revisions"}],"predecessor-version":[{"id":9537,"href":"https:\/\/sararibeiroceramica.com\/en\/wp-json\/wp\/v2\/product\/7403\/revisions\/9537"}],"wp:featuredmedia":[{"embeddable":true,"href":"https:\/\/sararibeiroceramica.com\/en\/wp-json\/wp\/v2\/media\/7410"}],"wp:attachment":[{"href":"https:\/\/sararibeiroceramica.com\/en\/wp-json\/wp\/v2\/media?parent=7403"}],"wp:term":[{"taxonomy":"product_brand","embeddable":true,"href":"https:\/\/sararibeiroceramica.com\/en\/wp-json\/wp\/v2\/product_brand?post=7403"},{"taxonomy":"product_cat","embeddable":true,"href":"https:\/\/sararibeiroceramica.com\/en\/wp-json\/wp\/v2\/product_cat?post=7403"},{"taxonomy":"product_tag","embeddable":true,"href":"https:\/\/sararibeiroceramica.com\/en\/wp-json\/wp\/v2\/product_tag?post=7403"}],"curies":[{"name":"wp","href":"https:\/\/api.w.org\/{rel}","templated":true}]}}