{"id":7382,"date":"2024-01-19T17:58:42","date_gmt":"2024-01-19T17:58:42","guid":{"rendered":"https:\/\/sararibeiroceramica.com\/?post_type=product&#038;p=7382"},"modified":"2025-10-01T17:48:14","modified_gmt":"2025-10-01T16:48:14","slug":"workshops-iniciacao-adultos","status":"publish","type":"product","link":"https:\/\/sararibeiroceramica.com\/en\/product\/workshops-iniciacao-adultos\/","title":{"rendered":"Workshops inicia\u00e7\u00e3o- Adultos"},"content":{"rendered":"<p>Neste workshop de cer\u00e2mica, proporcionamos uma <strong>imers\u00e3o cativante<\/strong> no mundo da cria\u00e7\u00e3o de <strong>pe\u00e7as \u00fanicas<\/strong> e <strong>pintura com engobe<\/strong>. Durante o processo, os participantes ter\u00e3o a oportunidade de <strong>moldar tr\u00eas pe\u00e7as \u00e0 sua escolha<\/strong>, aplicar engobe e dar vida \u00e0s suas cria\u00e7\u00f5es atrav\u00e9s da pintura, permitindo que cada pessoa expresse a sua <strong>singularidade art\u00edstica<\/strong>.<\/p>\n<p>O workshop abrange as fases essenciais da produ\u00e7\u00e3o cer\u00e2mica, desde a conce\u00e7\u00e3o at\u00e9 \u00e0 <strong>segunda fornada<\/strong> das pe\u00e7as, oferecendo uma vis\u00e3o abrangente do fascinante ciclo cer\u00e2mico. <strong>Engobes e vidrado transparente<\/strong> s\u00e3o fornecidos para garantir um acabamento refinado e elegante \u00e0s <strong>obras \u00fanicas<\/strong> dos participantes.<\/p>\n<p>Ap\u00f3s a conclus\u00e3o do workshop, as pe\u00e7as ser\u00e3o submetidas \u00e0 etapa de <strong>vidragem com vidrado transparente<\/strong>, dando-lhes um toque final de brilho. As <strong>obras finalizadas<\/strong> ser\u00e3o entregues numa data acordada, proporcionando uma <strong>experi\u00eancia completa<\/strong> e gratificante aos participantes. Venha descobrir e desenvolver as suas <strong>habilidades art\u00edsticas connosco<\/strong>!<\/p>\n<p><strong>O que inclui o workshop?<\/strong><br \/>\n\u2728 Uma experi\u00eancia pr\u00e1tica e envolvente, onde cada participante cria <strong>tr\u00eas pe\u00e7as personalizadas<\/strong>.<br \/>\n\u2728 <strong>T\u00e9cnicas de modelagem de barro<\/strong><br \/>\n\u2728 <strong>Aplica\u00e7\u00e3o de engobe, permitindo pintar as pe\u00e7as.<\/strong><br \/>\n\u2728 <strong>Libertar a sua criatividade e express\u00e3o art\u00edstica de cada pessoa.<\/strong><br \/>\n\u2728 <strong>Cozedura e aplica\u00e7\u00e3o de vidrado transparente<\/strong> nas pe\u00e7as ap\u00f3s o workshop, garantindo um acabamento de qualidade.<br \/>\n\u2728 Entrega das pe\u00e7as finalizadas numa data a combinar.<\/p>\n<p><strong>Detalhes do Workshop:<\/strong><\/p>\n<ul>\n<li><strong>Dura\u00e7\u00e3o:<\/strong> Sess\u00e3o \u00fanica de aproximadamente duas horas.<\/li>\n<li><strong>M\u00e1ximo de participantes:<\/strong> 6 pessoas por sess\u00e3o.<\/li>\n<li><strong>Localiza\u00e7\u00e3o:<\/strong> Monte do Branquinho, Rua das Orqu\u00eddeas, Cane\u00e7as, Odivelas, 2715-311<\/li>\n<li><strong>Compra do workshop:<\/strong> Este workshop \u00e9 v\u00e1lido para <strong>uma \u00fanica pessoa<\/strong>.<\/li>\n<\/ul>\n<p><strong>Caso queira a participa\u00e7\u00e3o de mais pessoas,<\/strong> por favor, envie uma mensagem atrav\u00e9s do <a href=\"https:\/\/sararibeiroceramica.com\/en\/contact-us\/\"><strong>formul\u00e1rio de contacto<\/strong><\/a>.<\/p>\n<p><strong>Avisos Importantes:<\/strong><\/p>\n<ul>\n<li>Caso n\u00e3o possa comparecer \u00e0 sua marca\u00e7\u00e3o, notifique-nos com pelo menos 3 dias de anteced\u00eancia para permitir o reagendamento.<\/li>\n<li>Aulas canceladas no pr\u00f3prio dia n\u00e3o poder\u00e3o ser recuperadas.<\/li>\n<\/ul>","protected":false},"excerpt":{"rendered":"<p>Neste workshop de cer\u00e2mica, proporcionamos uma <strong>imers\u00e3o cativante<\/strong> no mundo da cria\u00e7\u00e3o de <strong>pe\u00e7as \u00fanicas<\/strong> e <strong>pintura com engobe<\/strong>. Durante o processo, os participantes ter\u00e3o a oportunidade de <strong>moldar tr\u00eas pe\u00e7as \u00e0 sua escolha<\/strong>, aplicar engobe e dar vida \u00e0s suas cria\u00e7\u00f5es atrav\u00e9s da pintura, permitindo que cada pessoa expresse a sua <strong>singularidade art\u00edstica<\/strong>.<\/p>","protected":false},"featured_media":7386,"comment_status":"open","ping_status":"closed","template":"","meta":{"_coblocks_attr":"","_coblocks_dimensions":"","_coblocks_responsive_height":"","_coblocks_accordion_ie_support":"","site-sidebar-layout":"default","site-content-layout":"default","ast-site-content-layout":"default","site-content-style":"default","site-sidebar-style":"default","ast-global-header-display":"","ast-banner-title-visibility":"","ast-main-header-display":"","ast-hfb-above-header-display":"","ast-hfb-below-header-display":"","ast-hfb-mobile-header-display":"","site-post-title":"","ast-breadcrumbs-content":"","ast-featured-img":"","footer-sml-layout":"","theme-transparent-header-meta":"default","adv-header-id-meta":"","stick-header-meta":"","header-above-stick-meta":"","header-main-stick-meta":"","header-below-stick-meta":"","astra-migrate-meta-layouts":"set","ast-page-background-enabled":"default","ast-page-background-meta":{"desktop":{"background-color":"","background-image":"","background-repeat":"repeat","background-position":"center center","background-size":"auto","background-attachment":"scroll","background-type":"","background-media":"","overlay-type":"","overlay-color":"","overlay-gradient":""},"tablet":{"background-color":"","background-image":"","background-repeat":"repeat","background-position":"center center","background-size":"auto","background-attachment":"scroll","background-type":"","background-media":"","overlay-type":"","overlay-color":"","overlay-gradient":""},"mobile":{"background-color":"","background-image":"","background-repeat":"repeat","background-position":"center center","background-size":"auto","background-attachment":"scroll","background-type":"","background-media":"","overlay-type":"","overlay-color":"","overlay-gradient":""}},"ast-content-background-meta":{"desktop":{"background-color":"var(--ast-global-color-5)","background-image":"","background-repeat":"repeat","background-position":"center center","background-size":"auto","background-attachment":"scroll","background-type":"","background-media":"","overlay-type":"","overlay-color":"","overlay-gradient":""},"tablet":{"background-color":"var(--ast-global-color-5)","background-image":"","background-repeat":"repeat","background-position":"center center","background-size":"auto","background-attachment":"scroll","background-type":"","background-media":"","overlay-type":"","overlay-color":"","overlay-gradient":""},"mobile":{"background-color":"var(--ast-global-color-5)","background-image":"","background-repeat":"repeat","background-position":"center center","background-size":"auto","background-attachment":"scroll","background-type":"","background-media":"","overlay-type":"","overlay-color":"","overlay-gradient":""}},"jetpack_post_was_ever_published":false,"jetpack_publicize_message":"","jetpack_publicize_feature_enabled":true,"jetpack_social_post_already_shared":true,"jetpack_social_options":{"image_generator_settings":{"template":"highway","default_image_id":0,"font":"","enabled":false},"version":2},"_wpas_customize_per_network":false},"product_brand":[],"product_cat":[5387195],"product_tag":[],"class_list":{"0":"post-7382","1":"product","2":"type-product","3":"status-publish","4":"has-post-thumbnail","6":"product_cat-workshops","7":"desktop-align-left","8":"tablet-align-left","9":"mobile-align-left","11":"first","12":"outofstock","13":"shipping-taxable","14":"product-type-variable"},"yoast_head":"<!-- This site is optimized with the Yoast SEO plugin v27.3 - https:\/\/yoast.com\/product\/yoast-seo-wordpress\/ -->\n<title>Workshops inicia\u00e7\u00e3o- Adultos -<\/title>\n<meta name=\"robots\" content=\"index, follow, max-snippet:-1, max-image-preview:large, max-video-preview:-1\" \/>\n<link rel=\"canonical\" href=\"https:\/\/sararibeiroceramica.com\/en\/product\/workshops-iniciacao-adultos\/\" \/>\n<meta property=\"og:locale\" content=\"en_GB\" \/>\n<meta property=\"og:type\" content=\"article\" \/>\n<meta property=\"og:title\" content=\"Workshops inicia\u00e7\u00e3o- Adultos -\" \/>\n<meta property=\"og:description\" content=\"Neste workshop de cer\u00e2mica, proporcionamos uma imers\u00e3o cativante no mundo da cria\u00e7\u00e3o de pe\u00e7as \u00fanicas e pintura com engobe. Durante o processo, os participantes ter\u00e3o a oportunidade de moldar tr\u00eas pe\u00e7as \u00e0 sua escolha, aplicar engobe e dar vida \u00e0s suas cria\u00e7\u00f5es atrav\u00e9s da pintura, permitindo que cada pessoa expresse a sua singularidade art\u00edstica.\" \/>\n<meta property=\"og:url\" content=\"https:\/\/sararibeiroceramica.com\/en\/product\/workshops-iniciacao-adultos\/\" \/>\n<meta property=\"article:modified_time\" content=\"2025-10-01T16:48:14+00:00\" \/>\n<meta property=\"og:image\" content=\"https:\/\/sararibeiroceramica.com\/wp-content\/uploads\/2024\/01\/IMG_3212.jpg\" \/>\n\t<meta property=\"og:image:width\" content=\"1638\" \/>\n\t<meta property=\"og:image:height\" content=\"2048\" \/>\n\t<meta property=\"og:image:type\" content=\"image\/jpeg\" \/>\n<meta name=\"twitter:card\" content=\"summary_large_image\" \/>\n<meta name=\"twitter:label1\" content=\"Estimated reading time\" \/>\n\t<meta name=\"twitter:data1\" content=\"2 minutes\" \/>\n<script type=\"application\/ld+json\" class=\"yoast-schema-graph\">{\"@context\":\"https:\\\/\\\/schema.org\",\"@graph\":[{\"@type\":\"WebPage\",\"@id\":\"https:\\\/\\\/sararibeiroceramica.com\\\/produto\\\/workshops-iniciacao-adultos\\\/\",\"url\":\"https:\\\/\\\/sararibeiroceramica.com\\\/produto\\\/workshops-iniciacao-adultos\\\/\",\"name\":\"Workshops inicia\u00e7\u00e3o- Adultos -\",\"isPartOf\":{\"@id\":\"https:\\\/\\\/sararibeiroceramica.com\\\/#website\"},\"primaryImageOfPage\":{\"@id\":\"https:\\\/\\\/sararibeiroceramica.com\\\/produto\\\/workshops-iniciacao-adultos\\\/#primaryimage\"},\"image\":{\"@id\":\"https:\\\/\\\/sararibeiroceramica.com\\\/produto\\\/workshops-iniciacao-adultos\\\/#primaryimage\"},\"thumbnailUrl\":\"https:\\\/\\\/i0.wp.com\\\/sararibeiroceramica.com\\\/wp-content\\\/uploads\\\/2024\\\/01\\\/IMG_3212.jpg?fit=1638%2C2048&ssl=1\",\"datePublished\":\"2024-01-19T17:58:42+00:00\",\"dateModified\":\"2025-10-01T16:48:14+00:00\",\"breadcrumb\":{\"@id\":\"https:\\\/\\\/sararibeiroceramica.com\\\/produto\\\/workshops-iniciacao-adultos\\\/#breadcrumb\"},\"inLanguage\":\"en-GB\",\"potentialAction\":[{\"@type\":\"ReadAction\",\"target\":[\"https:\\\/\\\/sararibeiroceramica.com\\\/produto\\\/workshops-iniciacao-adultos\\\/\"]}]},{\"@type\":\"ImageObject\",\"inLanguage\":\"en-GB\",\"@id\":\"https:\\\/\\\/sararibeiroceramica.com\\\/produto\\\/workshops-iniciacao-adultos\\\/#primaryimage\",\"url\":\"https:\\\/\\\/i0.wp.com\\\/sararibeiroceramica.com\\\/wp-content\\\/uploads\\\/2024\\\/01\\\/IMG_3212.jpg?fit=1638%2C2048&ssl=1\",\"contentUrl\":\"https:\\\/\\\/i0.wp.com\\\/sararibeiroceramica.com\\\/wp-content\\\/uploads\\\/2024\\\/01\\\/IMG_3212.jpg?fit=1638%2C2048&ssl=1\",\"width\":1638,\"height\":2048},{\"@type\":\"BreadcrumbList\",\"@id\":\"https:\\\/\\\/sararibeiroceramica.com\\\/produto\\\/workshops-iniciacao-adultos\\\/#breadcrumb\",\"itemListElement\":[{\"@type\":\"ListItem\",\"position\":1,\"name\":\"In\u00edcio\",\"item\":\"https:\\\/\\\/sararibeiroceramica.com\\\/\"},{\"@type\":\"ListItem\",\"position\":2,\"name\":\"Workshops inicia\u00e7\u00e3o- Adultos\"}]},{\"@type\":\"WebSite\",\"@id\":\"https:\\\/\\\/sararibeiroceramica.com\\\/#website\",\"url\":\"https:\\\/\\\/sararibeiroceramica.com\\\/\",\"name\":\"\",\"description\":\"Loja de cer\u00e2mica criativa feita artesanalmente \u00e0 m\u00e3o na roda de oleiro\",\"potentialAction\":[{\"@type\":\"SearchAction\",\"target\":{\"@type\":\"EntryPoint\",\"urlTemplate\":\"https:\\\/\\\/sararibeiroceramica.com\\\/?s={search_term_string}\"},\"query-input\":{\"@type\":\"PropertyValueSpecification\",\"valueRequired\":true,\"valueName\":\"search_term_string\"}}],\"inLanguage\":\"en-GB\"}]}<\/script>\n<!-- \/ Yoast SEO plugin. -->","yoast_head_json":{"title":"Workshops inicia\u00e7\u00e3o- Adultos -","robots":{"index":"index","follow":"follow","max-snippet":"max-snippet:-1","max-image-preview":"max-image-preview:large","max-video-preview":"max-video-preview:-1"},"canonical":"https:\/\/sararibeiroceramica.com\/en\/product\/workshops-iniciacao-adultos\/","og_locale":"en_GB","og_type":"article","og_title":"Workshops inicia\u00e7\u00e3o- Adultos -","og_description":"Neste workshop de cer\u00e2mica, proporcionamos uma imers\u00e3o cativante no mundo da cria\u00e7\u00e3o de pe\u00e7as \u00fanicas e pintura com engobe. Durante o processo, os participantes ter\u00e3o a oportunidade de moldar tr\u00eas pe\u00e7as \u00e0 sua escolha, aplicar engobe e dar vida \u00e0s suas cria\u00e7\u00f5es atrav\u00e9s da pintura, permitindo que cada pessoa expresse a sua singularidade art\u00edstica.","og_url":"https:\/\/sararibeiroceramica.com\/en\/product\/workshops-iniciacao-adultos\/","article_modified_time":"2025-10-01T16:48:14+00:00","og_image":[{"width":1638,"height":2048,"url":"https:\/\/sararibeiroceramica.com\/wp-content\/uploads\/2024\/01\/IMG_3212.jpg","type":"image\/jpeg"}],"twitter_card":"summary_large_image","twitter_misc":{"Estimated reading time":"2 minutes"},"schema":{"@context":"https:\/\/schema.org","@graph":[{"@type":"WebPage","@id":"https:\/\/sararibeiroceramica.com\/produto\/workshops-iniciacao-adultos\/","url":"https:\/\/sararibeiroceramica.com\/produto\/workshops-iniciacao-adultos\/","name":"Workshops inicia\u00e7\u00e3o- Adultos -","isPartOf":{"@id":"https:\/\/sararibeiroceramica.com\/#website"},"primaryImageOfPage":{"@id":"https:\/\/sararibeiroceramica.com\/produto\/workshops-iniciacao-adultos\/#primaryimage"},"image":{"@id":"https:\/\/sararibeiroceramica.com\/produto\/workshops-iniciacao-adultos\/#primaryimage"},"thumbnailUrl":"https:\/\/i0.wp.com\/sararibeiroceramica.com\/wp-content\/uploads\/2024\/01\/IMG_3212.jpg?fit=1638%2C2048&ssl=1","datePublished":"2024-01-19T17:58:42+00:00","dateModified":"2025-10-01T16:48:14+00:00","breadcrumb":{"@id":"https:\/\/sararibeiroceramica.com\/produto\/workshops-iniciacao-adultos\/#breadcrumb"},"inLanguage":"en-GB","potentialAction":[{"@type":"ReadAction","target":["https:\/\/sararibeiroceramica.com\/produto\/workshops-iniciacao-adultos\/"]}]},{"@type":"ImageObject","inLanguage":"en-GB","@id":"https:\/\/sararibeiroceramica.com\/produto\/workshops-iniciacao-adultos\/#primaryimage","url":"https:\/\/i0.wp.com\/sararibeiroceramica.com\/wp-content\/uploads\/2024\/01\/IMG_3212.jpg?fit=1638%2C2048&ssl=1","contentUrl":"https:\/\/i0.wp.com\/sararibeiroceramica.com\/wp-content\/uploads\/2024\/01\/IMG_3212.jpg?fit=1638%2C2048&ssl=1","width":1638,"height":2048},{"@type":"BreadcrumbList","@id":"https:\/\/sararibeiroceramica.com\/produto\/workshops-iniciacao-adultos\/#breadcrumb","itemListElement":[{"@type":"ListItem","position":1,"name":"In\u00edcio","item":"https:\/\/sararibeiroceramica.com\/"},{"@type":"ListItem","position":2,"name":"Workshops inicia\u00e7\u00e3o- Adultos"}]},{"@type":"WebSite","@id":"https:\/\/sararibeiroceramica.com\/#website","url":"https:\/\/sararibeiroceramica.com\/","name":"","description":"Loja de cer\u00e2mica criativa feita artesanalmente \u00e0 m\u00e3o na roda de oleiro","potentialAction":[{"@type":"SearchAction","target":{"@type":"EntryPoint","urlTemplate":"https:\/\/sararibeiroceramica.com\/?s={search_term_string}"},"query-input":{"@type":"PropertyValueSpecification","valueRequired":true,"valueName":"search_term_string"}}],"inLanguage":"en-GB"}]}},"jetpack_publicize_connections":[],"jetpack_likes_enabled":true,"jetpack_sharing_enabled":true,"_links":{"self":[{"href":"https:\/\/sararibeiroceramica.com\/en\/wp-json\/wp\/v2\/product\/7382","targetHints":{"allow":["GET"]}}],"collection":[{"href":"https:\/\/sararibeiroceramica.com\/en\/wp-json\/wp\/v2\/product"}],"about":[{"href":"https:\/\/sararibeiroceramica.com\/en\/wp-json\/wp\/v2\/types\/product"}],"replies":[{"embeddable":true,"href":"https:\/\/sararibeiroceramica.com\/en\/wp-json\/wp\/v2\/comments?post=7382"}],"version-history":[{"count":12,"href":"https:\/\/sararibeiroceramica.com\/en\/wp-json\/wp\/v2\/product\/7382\/revisions"}],"predecessor-version":[{"id":9098,"href":"https:\/\/sararibeiroceramica.com\/en\/wp-json\/wp\/v2\/product\/7382\/revisions\/9098"}],"wp:featuredmedia":[{"embeddable":true,"href":"https:\/\/sararibeiroceramica.com\/en\/wp-json\/wp\/v2\/media\/7386"}],"wp:attachment":[{"href":"https:\/\/sararibeiroceramica.com\/en\/wp-json\/wp\/v2\/media?parent=7382"}],"wp:term":[{"taxonomy":"product_brand","embeddable":true,"href":"https:\/\/sararibeiroceramica.com\/en\/wp-json\/wp\/v2\/product_brand?post=7382"},{"taxonomy":"product_cat","embeddable":true,"href":"https:\/\/sararibeiroceramica.com\/en\/wp-json\/wp\/v2\/product_cat?post=7382"},{"taxonomy":"product_tag","embeddable":true,"href":"https:\/\/sararibeiroceramica.com\/en\/wp-json\/wp\/v2\/product_tag?post=7382"}],"curies":[{"name":"wp","href":"https:\/\/api.w.org\/{rel}","templated":true}]}}