{"id":6420,"date":"2023-04-05T23:21:54","date_gmt":"2023-04-05T22:21:54","guid":{"rendered":"https:\/\/sararibeiroceramica.com\/?post_type=product&#038;p=6420"},"modified":"2024-11-30T00:14:42","modified_gmt":"2024-11-30T00:14:42","slug":"cera-aromatica-rosa","status":"publish","type":"product","link":"https:\/\/sararibeiroceramica.com\/en\/product\/cera-aromatica-rosa\/","title":{"rendered":"Cera Arom\u00e1tica- Rosa"},"content":{"rendered":"<p>Esta fragr\u00e2ncia \u00e9 perfeita para quem adora flores, com um aroma suave e floral<br \/>\nque traz uma sensa\u00e7\u00e3o de tranquilidade e relaxamento. \u00c9 uma op\u00e7\u00e3o popular para quartos e<br \/>\nsalas de estar.<\/p>\n<p>Apresentamos a nossa cera de soja para queimador, feita \u00e0 m\u00e3o com ingredientes de alta qualidade.<\/p>\n<p>Al\u00e9m de ser vegana e cruelty-free, esta cera foi especialmente formulada para criar um ambiente convidativo e relaxante em sua casa. Com uma queima mais lenta e uniforme, o aroma \u00e9 libertado de forma constante, permitindo que voc\u00ea desfrute de uma experi\u00eancia olfativa agrad\u00e1vel e duradoura durante 20 horas no total. Descubra uma forma consciente e sustent\u00e1vel de perfumar o seu espa\u00e7o, enquanto se preocupa com o seu bem-estar e o meio ambiente.<\/p>\n<p>Experimente a nossa cera de soja para queimador e sinta a diferen\u00e7a.<\/p>\n<p>Ingredientes: Cera vegetal de soja, fragr\u00e2ncia.<\/p>\n<p>Peso cera arom\u00e1tica: \u2248 50 g<\/p>\n<p>* These pieces are handmade, which means they have their own special charm, they may not be \u201cperfect\u201d but are unique and special, like the people who use them! No two pieces are alike. The piece you receive, despite the similarity to the reference photo, will be slightly different while retaining its uniqueness!<\/p>\n<p>** Sometimes the bottom of ceramic tiles can become damp. This is due to the natural porosity of the clay. At Sara Ribeiro Cer\u00e2mica I prevent this from happening, however, it is recommended to place the piece you purchase on a cork surface or in a material that allows the air to move under it, keeping it dry.<\/p>\n<p>&nbsp;<\/p>","protected":false},"excerpt":{"rendered":"<p>Esta fragr\u00e2ncia \u00e9 perfeita para quem adora flores, com um aroma suave e floral que traz uma sensa\u00e7\u00e3o de tranquilidade e relaxamento. \u00c9 uma op\u00e7\u00e3o popular para quartos e<br \/>\nsalas de estar.<\/p>\n<p><img fetchpriority=\"high\" decoding=\"async\" class=\"aligncenter wp-image-6330 size-large\" src=\"https:\/\/sararibeiroceramica.com\/wp-content\/uploads\/2023\/02\/Sem-titulo-2-1-e1676995707470-1024x220.png\" alt=\"\" width=\"1024\" height=\"220\" srcset=\"https:\/\/i0.wp.com\/sararibeiroceramica.com\/wp-content\/uploads\/2023\/02\/Sem-titulo-2-1-e1676995707470.png?resize=1024%2C220&amp;ssl=1 1024w, https:\/\/i0.wp.com\/sararibeiroceramica.com\/wp-content\/uploads\/2023\/02\/Sem-titulo-2-1-e1676995707470.png?resize=300%2C64&amp;ssl=1 300w, https:\/\/i0.wp.com\/sararibeiroceramica.com\/wp-content\/uploads\/2023\/02\/Sem-titulo-2-1-e1676995707470.png?resize=768%2C165&amp;ssl=1 768w, https:\/\/i0.wp.com\/sararibeiroceramica.com\/wp-content\/uploads\/2023\/02\/Sem-titulo-2-1-e1676995707470.png?resize=1536%2C329&amp;ssl=1 1536w, https:\/\/i0.wp.com\/sararibeiroceramica.com\/wp-content\/uploads\/2023\/02\/Sem-titulo-2-1-e1676995707470.png?resize=18%2C4&amp;ssl=1 18w, https:\/\/i0.wp.com\/sararibeiroceramica.com\/wp-content\/uploads\/2023\/02\/Sem-titulo-2-1-e1676995707470.png?resize=1200%2C257&amp;ssl=1 1200w, https:\/\/i0.wp.com\/sararibeiroceramica.com\/wp-content\/uploads\/2023\/02\/Sem-titulo-2-1-e1676995707470.png?resize=600%2C129&amp;ssl=1 600w, https:\/\/i0.wp.com\/sararibeiroceramica.com\/wp-content\/uploads\/2023\/02\/Sem-titulo-2-1-e1676995707470.png?w=1809&amp;ssl=1 1809w\" sizes=\"(max-width: 1024px) 100vw, 1024px\" \/><\/p>","protected":false},"featured_media":6684,"comment_status":"open","ping_status":"closed","template":"","meta":{"_coblocks_attr":"","_coblocks_dimensions":"","_coblocks_responsive_height":"","_coblocks_accordion_ie_support":"","site-sidebar-layout":"default","site-content-layout":"default","ast-site-content-layout":"","site-content-style":"default","site-sidebar-style":"default","ast-global-header-display":"","ast-banner-title-visibility":"","ast-main-header-display":"","ast-hfb-above-header-display":"","ast-hfb-below-header-display":"","ast-hfb-mobile-header-display":"","site-post-title":"","ast-breadcrumbs-content":"","ast-featured-img":"","footer-sml-layout":"","theme-transparent-header-meta":"default","adv-header-id-meta":"","stick-header-meta":"","header-above-stick-meta":"","header-main-stick-meta":"","header-below-stick-meta":"","astra-migrate-meta-layouts":"default","ast-page-background-enabled":"default","ast-page-background-meta":{"desktop":{"background-color":"","background-image":"","background-repeat":"repeat","background-position":"center center","background-size":"auto","background-attachment":"scroll","background-type":"","background-media":"","overlay-type":"","overlay-color":"","overlay-gradient":""},"tablet":{"background-color":"","background-image":"","background-repeat":"repeat","background-position":"center center","background-size":"auto","background-attachment":"scroll","background-type":"","background-media":"","overlay-type":"","overlay-color":"","overlay-gradient":""},"mobile":{"background-color":"","background-image":"","background-repeat":"repeat","background-position":"center center","background-size":"auto","background-attachment":"scroll","background-type":"","background-media":"","overlay-type":"","overlay-color":"","overlay-gradient":""}},"ast-content-background-meta":{"desktop":{"background-color":"var(--ast-global-color-5)","background-image":"","background-repeat":"repeat","background-position":"center center","background-size":"auto","background-attachment":"scroll","background-type":"","background-media":"","overlay-type":"","overlay-color":"","overlay-gradient":""},"tablet":{"background-color":"var(--ast-global-color-5)","background-image":"","background-repeat":"repeat","background-position":"center center","background-size":"auto","background-attachment":"scroll","background-type":"","background-media":"","overlay-type":"","overlay-color":"","overlay-gradient":""},"mobile":{"background-color":"var(--ast-global-color-5)","background-image":"","background-repeat":"repeat","background-position":"center center","background-size":"auto","background-attachment":"scroll","background-type":"","background-media":"","overlay-type":"","overlay-color":"","overlay-gradient":""}},"jetpack_post_was_ever_published":false,"jetpack_publicize_message":"","jetpack_publicize_feature_enabled":true,"jetpack_social_post_already_shared":true,"jetpack_social_options":{"image_generator_settings":{"template":"highway","default_image_id":0,"font":"","enabled":false},"version":2},"_wpas_customize_per_network":false},"product_brand":[],"product_cat":[5387185],"product_tag":[],"class_list":{"0":"post-6420","1":"product","2":"type-product","3":"status-publish","4":"has-post-thumbnail","6":"product_cat-ceras-para-queimadores","7":"product_shipping_class-luminaria","8":"desktop-align-left","9":"tablet-align-left","10":"mobile-align-left","12":"first","13":"instock","14":"shipping-taxable","15":"purchasable","16":"product-type-simple"},"yoast_head":"<!-- This site is optimized with the Yoast SEO plugin v27.3 - https:\/\/yoast.com\/product\/yoast-seo-wordpress\/ -->\n<title>Cera Arom\u00e1tica- Rosa -<\/title>\n<meta name=\"robots\" content=\"index, follow, max-snippet:-1, max-image-preview:large, max-video-preview:-1\" \/>\n<link rel=\"canonical\" href=\"https:\/\/sararibeiroceramica.com\/en\/product\/cera-aromatica-rosa\/\" \/>\n<meta property=\"og:locale\" content=\"en_GB\" \/>\n<meta property=\"og:type\" content=\"article\" \/>\n<meta property=\"og:title\" content=\"Cera Arom\u00e1tica- Rosa -\" \/>\n<meta property=\"og:description\" content=\"Esta fragr\u00e2ncia \u00e9 perfeita para quem adora flores, com um aroma suave e floral que traz uma sensa\u00e7\u00e3o de tranquilidade e relaxamento. \u00c9 uma op\u00e7\u00e3o popular para quartos e salas de estar.\" \/>\n<meta property=\"og:url\" content=\"https:\/\/sararibeiroceramica.com\/en\/product\/cera-aromatica-rosa\/\" \/>\n<meta property=\"article:modified_time\" content=\"2024-11-30T00:14:42+00:00\" \/>\n<meta property=\"og:image\" content=\"https:\/\/sararibeiroceramica.com\/wp-content\/uploads\/2023\/04\/IMG_0605-1.jpg\" \/>\n\t<meta property=\"og:image:width\" content=\"1365\" \/>\n\t<meta property=\"og:image:height\" content=\"2048\" \/>\n\t<meta property=\"og:image:type\" content=\"image\/jpeg\" \/>\n<meta name=\"twitter:card\" content=\"summary_large_image\" \/>\n<meta name=\"twitter:label1\" content=\"Estimated reading time\" \/>\n\t<meta name=\"twitter:data1\" content=\"2 minutes\" \/>\n<script type=\"application\/ld+json\" class=\"yoast-schema-graph\">{\"@context\":\"https:\\\/\\\/schema.org\",\"@graph\":[{\"@type\":\"WebPage\",\"@id\":\"https:\\\/\\\/sararibeiroceramica.com\\\/produto\\\/cera-aromatica-rosa\\\/\",\"url\":\"https:\\\/\\\/sararibeiroceramica.com\\\/produto\\\/cera-aromatica-rosa\\\/\",\"name\":\"Cera Arom\u00e1tica- Rosa -\",\"isPartOf\":{\"@id\":\"https:\\\/\\\/sararibeiroceramica.com\\\/#website\"},\"primaryImageOfPage\":{\"@id\":\"https:\\\/\\\/sararibeiroceramica.com\\\/produto\\\/cera-aromatica-rosa\\\/#primaryimage\"},\"image\":{\"@id\":\"https:\\\/\\\/sararibeiroceramica.com\\\/produto\\\/cera-aromatica-rosa\\\/#primaryimage\"},\"thumbnailUrl\":\"https:\\\/\\\/i0.wp.com\\\/sararibeiroceramica.com\\\/wp-content\\\/uploads\\\/2023\\\/04\\\/IMG_0605-1.jpg?fit=1365%2C2048&ssl=1\",\"datePublished\":\"2023-04-05T22:21:54+00:00\",\"dateModified\":\"2024-11-30T00:14:42+00:00\",\"breadcrumb\":{\"@id\":\"https:\\\/\\\/sararibeiroceramica.com\\\/produto\\\/cera-aromatica-rosa\\\/#breadcrumb\"},\"inLanguage\":\"en-GB\",\"potentialAction\":[{\"@type\":\"ReadAction\",\"target\":[\"https:\\\/\\\/sararibeiroceramica.com\\\/produto\\\/cera-aromatica-rosa\\\/\"]}]},{\"@type\":\"ImageObject\",\"inLanguage\":\"en-GB\",\"@id\":\"https:\\\/\\\/sararibeiroceramica.com\\\/produto\\\/cera-aromatica-rosa\\\/#primaryimage\",\"url\":\"https:\\\/\\\/i0.wp.com\\\/sararibeiroceramica.com\\\/wp-content\\\/uploads\\\/2023\\\/04\\\/IMG_0605-1.jpg?fit=1365%2C2048&ssl=1\",\"contentUrl\":\"https:\\\/\\\/i0.wp.com\\\/sararibeiroceramica.com\\\/wp-content\\\/uploads\\\/2023\\\/04\\\/IMG_0605-1.jpg?fit=1365%2C2048&ssl=1\",\"width\":1365,\"height\":2048},{\"@type\":\"BreadcrumbList\",\"@id\":\"https:\\\/\\\/sararibeiroceramica.com\\\/produto\\\/cera-aromatica-rosa\\\/#breadcrumb\",\"itemListElement\":[{\"@type\":\"ListItem\",\"position\":1,\"name\":\"In\u00edcio\",\"item\":\"https:\\\/\\\/sararibeiroceramica.com\\\/\"},{\"@type\":\"ListItem\",\"position\":2,\"name\":\"Cera Arom\u00e1tica- Rosa\"}]},{\"@type\":\"WebSite\",\"@id\":\"https:\\\/\\\/sararibeiroceramica.com\\\/#website\",\"url\":\"https:\\\/\\\/sararibeiroceramica.com\\\/\",\"name\":\"\",\"description\":\"Loja de cer\u00e2mica criativa feita artesanalmente \u00e0 m\u00e3o na roda de oleiro\",\"potentialAction\":[{\"@type\":\"SearchAction\",\"target\":{\"@type\":\"EntryPoint\",\"urlTemplate\":\"https:\\\/\\\/sararibeiroceramica.com\\\/?s={search_term_string}\"},\"query-input\":{\"@type\":\"PropertyValueSpecification\",\"valueRequired\":true,\"valueName\":\"search_term_string\"}}],\"inLanguage\":\"en-GB\"}]}<\/script>\n<!-- \/ Yoast SEO plugin. -->","yoast_head_json":{"title":"Cera Arom\u00e1tica- Rosa -","robots":{"index":"index","follow":"follow","max-snippet":"max-snippet:-1","max-image-preview":"max-image-preview:large","max-video-preview":"max-video-preview:-1"},"canonical":"https:\/\/sararibeiroceramica.com\/en\/product\/cera-aromatica-rosa\/","og_locale":"en_GB","og_type":"article","og_title":"Cera Arom\u00e1tica- Rosa -","og_description":"Esta fragr\u00e2ncia \u00e9 perfeita para quem adora flores, com um aroma suave e floral que traz uma sensa\u00e7\u00e3o de tranquilidade e relaxamento. \u00c9 uma op\u00e7\u00e3o popular para quartos e salas de estar.","og_url":"https:\/\/sararibeiroceramica.com\/en\/product\/cera-aromatica-rosa\/","article_modified_time":"2024-11-30T00:14:42+00:00","og_image":[{"width":1365,"height":2048,"url":"https:\/\/sararibeiroceramica.com\/wp-content\/uploads\/2023\/04\/IMG_0605-1.jpg","type":"image\/jpeg"}],"twitter_card":"summary_large_image","twitter_misc":{"Estimated reading time":"2 minutes"},"schema":{"@context":"https:\/\/schema.org","@graph":[{"@type":"WebPage","@id":"https:\/\/sararibeiroceramica.com\/produto\/cera-aromatica-rosa\/","url":"https:\/\/sararibeiroceramica.com\/produto\/cera-aromatica-rosa\/","name":"Cera Arom\u00e1tica- Rosa -","isPartOf":{"@id":"https:\/\/sararibeiroceramica.com\/#website"},"primaryImageOfPage":{"@id":"https:\/\/sararibeiroceramica.com\/produto\/cera-aromatica-rosa\/#primaryimage"},"image":{"@id":"https:\/\/sararibeiroceramica.com\/produto\/cera-aromatica-rosa\/#primaryimage"},"thumbnailUrl":"https:\/\/i0.wp.com\/sararibeiroceramica.com\/wp-content\/uploads\/2023\/04\/IMG_0605-1.jpg?fit=1365%2C2048&ssl=1","datePublished":"2023-04-05T22:21:54+00:00","dateModified":"2024-11-30T00:14:42+00:00","breadcrumb":{"@id":"https:\/\/sararibeiroceramica.com\/produto\/cera-aromatica-rosa\/#breadcrumb"},"inLanguage":"en-GB","potentialAction":[{"@type":"ReadAction","target":["https:\/\/sararibeiroceramica.com\/produto\/cera-aromatica-rosa\/"]}]},{"@type":"ImageObject","inLanguage":"en-GB","@id":"https:\/\/sararibeiroceramica.com\/produto\/cera-aromatica-rosa\/#primaryimage","url":"https:\/\/i0.wp.com\/sararibeiroceramica.com\/wp-content\/uploads\/2023\/04\/IMG_0605-1.jpg?fit=1365%2C2048&ssl=1","contentUrl":"https:\/\/i0.wp.com\/sararibeiroceramica.com\/wp-content\/uploads\/2023\/04\/IMG_0605-1.jpg?fit=1365%2C2048&ssl=1","width":1365,"height":2048},{"@type":"BreadcrumbList","@id":"https:\/\/sararibeiroceramica.com\/produto\/cera-aromatica-rosa\/#breadcrumb","itemListElement":[{"@type":"ListItem","position":1,"name":"In\u00edcio","item":"https:\/\/sararibeiroceramica.com\/"},{"@type":"ListItem","position":2,"name":"Cera Arom\u00e1tica- Rosa"}]},{"@type":"WebSite","@id":"https:\/\/sararibeiroceramica.com\/#website","url":"https:\/\/sararibeiroceramica.com\/","name":"","description":"Loja de cer\u00e2mica criativa feita artesanalmente \u00e0 m\u00e3o na roda de oleiro","potentialAction":[{"@type":"SearchAction","target":{"@type":"EntryPoint","urlTemplate":"https:\/\/sararibeiroceramica.com\/?s={search_term_string}"},"query-input":{"@type":"PropertyValueSpecification","valueRequired":true,"valueName":"search_term_string"}}],"inLanguage":"en-GB"}]}},"jetpack_publicize_connections":[],"jetpack_likes_enabled":true,"jetpack_sharing_enabled":true,"_links":{"self":[{"href":"https:\/\/sararibeiroceramica.com\/en\/wp-json\/wp\/v2\/product\/6420","targetHints":{"allow":["GET"]}}],"collection":[{"href":"https:\/\/sararibeiroceramica.com\/en\/wp-json\/wp\/v2\/product"}],"about":[{"href":"https:\/\/sararibeiroceramica.com\/en\/wp-json\/wp\/v2\/types\/product"}],"replies":[{"embeddable":true,"href":"https:\/\/sararibeiroceramica.com\/en\/wp-json\/wp\/v2\/comments?post=6420"}],"version-history":[{"count":7,"href":"https:\/\/sararibeiroceramica.com\/en\/wp-json\/wp\/v2\/product\/6420\/revisions"}],"predecessor-version":[{"id":6758,"href":"https:\/\/sararibeiroceramica.com\/en\/wp-json\/wp\/v2\/product\/6420\/revisions\/6758"}],"wp:featuredmedia":[{"embeddable":true,"href":"https:\/\/sararibeiroceramica.com\/en\/wp-json\/wp\/v2\/media\/6684"}],"wp:attachment":[{"href":"https:\/\/sararibeiroceramica.com\/en\/wp-json\/wp\/v2\/media?parent=6420"}],"wp:term":[{"taxonomy":"product_brand","embeddable":true,"href":"https:\/\/sararibeiroceramica.com\/en\/wp-json\/wp\/v2\/product_brand?post=6420"},{"taxonomy":"product_cat","embeddable":true,"href":"https:\/\/sararibeiroceramica.com\/en\/wp-json\/wp\/v2\/product_cat?post=6420"},{"taxonomy":"product_tag","embeddable":true,"href":"https:\/\/sararibeiroceramica.com\/en\/wp-json\/wp\/v2\/product_tag?post=6420"}],"curies":[{"name":"wp","href":"https:\/\/api.w.org\/{rel}","templated":true}]}}