{"id":4476,"date":"2021-11-01T21:42:27","date_gmt":"2021-11-01T21:42:27","guid":{"rendered":"https:\/\/sararibeiroceramica.com\/?post_type=product&#038;p=4476"},"modified":"2022-03-20T20:13:29","modified_gmt":"2022-03-20T20:13:29","slug":"vasos-suculentas-arien","status":"publish","type":"product","link":"https:\/\/sararibeiroceramica.com\/en\/product\/vasos-suculentas-arien\/","title":{"rendered":"SUCCULENT VASE- ARIEN"},"content":{"rendered":"<p>Handcrafted and handmade vase made on a potter's wheel.<\/p>\n<p>A piece in red clay. Glazed in shades of blue and red.<\/p>\n<p>It's a piece of art that can be used in a decorative way or for your plants.<\/p>\n<p>Measures: 16x8cm<\/p>\n<p>* These pieces are handmade, which means they have their own special charm, they may not be \u201cperfect\u201d but are unique and special, like the people who use them! No two pieces are alike. The piece you receive, despite the similarity to the reference photo, will be slightly different while retaining its uniqueness!<\/p>\n<p>** Sometimes the bottom of ceramic tiles can become damp. This is due to the natural porosity of the clay. At Sara Ribeiro Cer\u00e2mica I prevent this from happening, however, it is recommended to place the piece you purchase on a cork surface or in a material that allows the air to move under it, keeping it dry.<\/p>","protected":false},"excerpt":{"rendered":"<p>Handcrafted and handmade vase made on a potter's wheel.<\/p>\n<p>A piece in red clay. Glazed in shades of blue and red.<\/p>\n<p>It's a piece of art that can be used in a decorative way or for your plants.<\/p>","protected":false},"featured_media":4478,"comment_status":"open","ping_status":"closed","template":"","meta":{"_coblocks_attr":"","_coblocks_dimensions":"","_coblocks_responsive_height":"","_coblocks_accordion_ie_support":"","site-sidebar-layout":"default","site-content-layout":"default","ast-site-content-layout":"","site-content-style":"default","site-sidebar-style":"default","ast-global-header-display":"","ast-banner-title-visibility":"","ast-main-header-display":"","ast-hfb-above-header-display":"","ast-hfb-below-header-display":"","ast-hfb-mobile-header-display":"","site-post-title":"","ast-breadcrumbs-content":"","ast-featured-img":"","footer-sml-layout":"","theme-transparent-header-meta":"default","adv-header-id-meta":"","stick-header-meta":"","header-above-stick-meta":"","header-main-stick-meta":"","header-below-stick-meta":"","astra-migrate-meta-layouts":"default","ast-page-background-enabled":"default","ast-page-background-meta":{"desktop":{"background-color":"","background-image":"","background-repeat":"repeat","background-position":"center center","background-size":"auto","background-attachment":"scroll","background-type":"","background-media":"","overlay-type":"","overlay-color":"","overlay-gradient":""},"tablet":{"background-color":"","background-image":"","background-repeat":"repeat","background-position":"center center","background-size":"auto","background-attachment":"scroll","background-type":"","background-media":"","overlay-type":"","overlay-color":"","overlay-gradient":""},"mobile":{"background-color":"","background-image":"","background-repeat":"repeat","background-position":"center center","background-size":"auto","background-attachment":"scroll","background-type":"","background-media":"","overlay-type":"","overlay-color":"","overlay-gradient":""}},"ast-content-background-meta":{"desktop":{"background-color":"var(--ast-global-color-5)","background-image":"","background-repeat":"repeat","background-position":"center center","background-size":"auto","background-attachment":"scroll","background-type":"","background-media":"","overlay-type":"","overlay-color":"","overlay-gradient":""},"tablet":{"background-color":"var(--ast-global-color-5)","background-image":"","background-repeat":"repeat","background-position":"center center","background-size":"auto","background-attachment":"scroll","background-type":"","background-media":"","overlay-type":"","overlay-color":"","overlay-gradient":""},"mobile":{"background-color":"var(--ast-global-color-5)","background-image":"","background-repeat":"repeat","background-position":"center center","background-size":"auto","background-attachment":"scroll","background-type":"","background-media":"","overlay-type":"","overlay-color":"","overlay-gradient":""}},"jetpack_post_was_ever_published":false,"jetpack_publicize_message":"","jetpack_publicize_feature_enabled":true,"jetpack_social_post_already_shared":true,"jetpack_social_options":{"image_generator_settings":{"template":"highway","default_image_id":0,"font":"","enabled":false},"version":2},"_wpas_customize_per_network":false},"product_brand":[],"product_cat":[5387020,5387007,5387017],"product_tag":[],"class_list":{"0":"post-4476","1":"product","2":"type-product","3":"status-publish","4":"has-post-thumbnail","6":"product_cat-colecao-arien","7":"product_cat-pecas-decorativas","8":"product_cat-vasos-de-suculentas","9":"product_shipping_class-suculentas","10":"desktop-align-left","11":"tablet-align-left","12":"mobile-align-left","14":"first","15":"instock","16":"shipping-taxable","17":"purchasable","18":"product-type-simple"},"yoast_head":"<!-- This site is optimized with the Yoast SEO plugin v27.3 - https:\/\/yoast.com\/product\/yoast-seo-wordpress\/ -->\n<title>Vaso Suculentas- Arien -<\/title>\n<meta name=\"robots\" content=\"index, follow, max-snippet:-1, max-image-preview:large, max-video-preview:-1\" \/>\n<link rel=\"canonical\" href=\"https:\/\/sararibeiroceramica.com\/en\/product\/vasos-suculentas-arien\/\" \/>\n<meta property=\"og:locale\" content=\"en_GB\" \/>\n<meta property=\"og:type\" content=\"article\" \/>\n<meta property=\"og:title\" content=\"Vaso Suculentas- Arien -\" \/>\n<meta property=\"og:description\" content=\"Vaso feito artesanalmente e \u00e0 m\u00e3o na roda de oleiro.  Pe\u00e7a em barro vermelho, com vidrado em tons de azul e vermelho.  \u00c9 uma pe\u00e7a de arte que pode ser usada de forma decorativa ou para as suas plantas.\" \/>\n<meta property=\"og:url\" content=\"https:\/\/sararibeiroceramica.com\/en\/product\/vasos-suculentas-arien\/\" \/>\n<meta property=\"article:modified_time\" content=\"2022-03-20T20:13:29+00:00\" \/>\n<meta property=\"og:image\" content=\"https:\/\/sararibeiroceramica.com\/wp-content\/uploads\/2021\/11\/IMG_3962.jpg\" \/>\n\t<meta property=\"og:image:width\" content=\"667\" \/>\n\t<meta property=\"og:image:height\" content=\"1000\" \/>\n\t<meta property=\"og:image:type\" content=\"image\/jpeg\" \/>\n<meta name=\"twitter:card\" content=\"summary_large_image\" \/>\n<meta name=\"twitter:label1\" content=\"Estimated reading time\" \/>\n\t<meta name=\"twitter:data1\" content=\"1 minute\" \/>\n<script type=\"application\/ld+json\" class=\"yoast-schema-graph\">{\"@context\":\"https:\\\/\\\/schema.org\",\"@graph\":[{\"@type\":\"WebPage\",\"@id\":\"https:\\\/\\\/sararibeiroceramica.com\\\/produto\\\/vasos-suculentas-arien\\\/\",\"url\":\"https:\\\/\\\/sararibeiroceramica.com\\\/produto\\\/vasos-suculentas-arien\\\/\",\"name\":\"Vaso Suculentas- Arien -\",\"isPartOf\":{\"@id\":\"https:\\\/\\\/sararibeiroceramica.com\\\/#website\"},\"primaryImageOfPage\":{\"@id\":\"https:\\\/\\\/sararibeiroceramica.com\\\/produto\\\/vasos-suculentas-arien\\\/#primaryimage\"},\"image\":{\"@id\":\"https:\\\/\\\/sararibeiroceramica.com\\\/produto\\\/vasos-suculentas-arien\\\/#primaryimage\"},\"thumbnailUrl\":\"https:\\\/\\\/i0.wp.com\\\/sararibeiroceramica.com\\\/wp-content\\\/uploads\\\/2021\\\/11\\\/IMG_3962.jpg?fit=667%2C1000&ssl=1\",\"datePublished\":\"2021-11-01T21:42:27+00:00\",\"dateModified\":\"2022-03-20T20:13:29+00:00\",\"breadcrumb\":{\"@id\":\"https:\\\/\\\/sararibeiroceramica.com\\\/produto\\\/vasos-suculentas-arien\\\/#breadcrumb\"},\"inLanguage\":\"en-GB\",\"potentialAction\":[{\"@type\":\"ReadAction\",\"target\":[\"https:\\\/\\\/sararibeiroceramica.com\\\/produto\\\/vasos-suculentas-arien\\\/\"]}]},{\"@type\":\"ImageObject\",\"inLanguage\":\"en-GB\",\"@id\":\"https:\\\/\\\/sararibeiroceramica.com\\\/produto\\\/vasos-suculentas-arien\\\/#primaryimage\",\"url\":\"https:\\\/\\\/i0.wp.com\\\/sararibeiroceramica.com\\\/wp-content\\\/uploads\\\/2021\\\/11\\\/IMG_3962.jpg?fit=667%2C1000&ssl=1\",\"contentUrl\":\"https:\\\/\\\/i0.wp.com\\\/sararibeiroceramica.com\\\/wp-content\\\/uploads\\\/2021\\\/11\\\/IMG_3962.jpg?fit=667%2C1000&ssl=1\",\"width\":667,\"height\":1000},{\"@type\":\"BreadcrumbList\",\"@id\":\"https:\\\/\\\/sararibeiroceramica.com\\\/produto\\\/vasos-suculentas-arien\\\/#breadcrumb\",\"itemListElement\":[{\"@type\":\"ListItem\",\"position\":1,\"name\":\"In\u00edcio\",\"item\":\"https:\\\/\\\/sararibeiroceramica.com\\\/\"},{\"@type\":\"ListItem\",\"position\":2,\"name\":\"Vaso Suculentas- Arien\"}]},{\"@type\":\"WebSite\",\"@id\":\"https:\\\/\\\/sararibeiroceramica.com\\\/#website\",\"url\":\"https:\\\/\\\/sararibeiroceramica.com\\\/\",\"name\":\"\",\"description\":\"Loja de cer\u00e2mica criativa feita artesanalmente \u00e0 m\u00e3o na roda de oleiro\",\"potentialAction\":[{\"@type\":\"SearchAction\",\"target\":{\"@type\":\"EntryPoint\",\"urlTemplate\":\"https:\\\/\\\/sararibeiroceramica.com\\\/?s={search_term_string}\"},\"query-input\":{\"@type\":\"PropertyValueSpecification\",\"valueRequired\":true,\"valueName\":\"search_term_string\"}}],\"inLanguage\":\"en-GB\"}]}<\/script>\n<!-- \/ Yoast SEO plugin. -->","yoast_head_json":{"title":"Vaso Suculentas- Arien -","robots":{"index":"index","follow":"follow","max-snippet":"max-snippet:-1","max-image-preview":"max-image-preview:large","max-video-preview":"max-video-preview:-1"},"canonical":"https:\/\/sararibeiroceramica.com\/en\/product\/vasos-suculentas-arien\/","og_locale":"en_GB","og_type":"article","og_title":"Vaso Suculentas- Arien -","og_description":"Vaso feito artesanalmente e \u00e0 m\u00e3o na roda de oleiro.  Pe\u00e7a em barro vermelho, com vidrado em tons de azul e vermelho.  \u00c9 uma pe\u00e7a de arte que pode ser usada de forma decorativa ou para as suas plantas.","og_url":"https:\/\/sararibeiroceramica.com\/en\/product\/vasos-suculentas-arien\/","article_modified_time":"2022-03-20T20:13:29+00:00","og_image":[{"width":667,"height":1000,"url":"https:\/\/sararibeiroceramica.com\/wp-content\/uploads\/2021\/11\/IMG_3962.jpg","type":"image\/jpeg"}],"twitter_card":"summary_large_image","twitter_misc":{"Estimated reading time":"1 minute"},"schema":{"@context":"https:\/\/schema.org","@graph":[{"@type":"WebPage","@id":"https:\/\/sararibeiroceramica.com\/produto\/vasos-suculentas-arien\/","url":"https:\/\/sararibeiroceramica.com\/produto\/vasos-suculentas-arien\/","name":"Vaso Suculentas- Arien -","isPartOf":{"@id":"https:\/\/sararibeiroceramica.com\/#website"},"primaryImageOfPage":{"@id":"https:\/\/sararibeiroceramica.com\/produto\/vasos-suculentas-arien\/#primaryimage"},"image":{"@id":"https:\/\/sararibeiroceramica.com\/produto\/vasos-suculentas-arien\/#primaryimage"},"thumbnailUrl":"https:\/\/i0.wp.com\/sararibeiroceramica.com\/wp-content\/uploads\/2021\/11\/IMG_3962.jpg?fit=667%2C1000&ssl=1","datePublished":"2021-11-01T21:42:27+00:00","dateModified":"2022-03-20T20:13:29+00:00","breadcrumb":{"@id":"https:\/\/sararibeiroceramica.com\/produto\/vasos-suculentas-arien\/#breadcrumb"},"inLanguage":"en-GB","potentialAction":[{"@type":"ReadAction","target":["https:\/\/sararibeiroceramica.com\/produto\/vasos-suculentas-arien\/"]}]},{"@type":"ImageObject","inLanguage":"en-GB","@id":"https:\/\/sararibeiroceramica.com\/produto\/vasos-suculentas-arien\/#primaryimage","url":"https:\/\/i0.wp.com\/sararibeiroceramica.com\/wp-content\/uploads\/2021\/11\/IMG_3962.jpg?fit=667%2C1000&ssl=1","contentUrl":"https:\/\/i0.wp.com\/sararibeiroceramica.com\/wp-content\/uploads\/2021\/11\/IMG_3962.jpg?fit=667%2C1000&ssl=1","width":667,"height":1000},{"@type":"BreadcrumbList","@id":"https:\/\/sararibeiroceramica.com\/produto\/vasos-suculentas-arien\/#breadcrumb","itemListElement":[{"@type":"ListItem","position":1,"name":"In\u00edcio","item":"https:\/\/sararibeiroceramica.com\/"},{"@type":"ListItem","position":2,"name":"Vaso Suculentas- Arien"}]},{"@type":"WebSite","@id":"https:\/\/sararibeiroceramica.com\/#website","url":"https:\/\/sararibeiroceramica.com\/","name":"","description":"Loja de cer\u00e2mica criativa feita artesanalmente \u00e0 m\u00e3o na roda de oleiro","potentialAction":[{"@type":"SearchAction","target":{"@type":"EntryPoint","urlTemplate":"https:\/\/sararibeiroceramica.com\/?s={search_term_string}"},"query-input":{"@type":"PropertyValueSpecification","valueRequired":true,"valueName":"search_term_string"}}],"inLanguage":"en-GB"}]}},"jetpack_publicize_connections":[],"jetpack_likes_enabled":true,"jetpack_sharing_enabled":true,"_links":{"self":[{"href":"https:\/\/sararibeiroceramica.com\/en\/wp-json\/wp\/v2\/product\/4476","targetHints":{"allow":["GET"]}}],"collection":[{"href":"https:\/\/sararibeiroceramica.com\/en\/wp-json\/wp\/v2\/product"}],"about":[{"href":"https:\/\/sararibeiroceramica.com\/en\/wp-json\/wp\/v2\/types\/product"}],"replies":[{"embeddable":true,"href":"https:\/\/sararibeiroceramica.com\/en\/wp-json\/wp\/v2\/comments?post=4476"}],"version-history":[{"count":6,"href":"https:\/\/sararibeiroceramica.com\/en\/wp-json\/wp\/v2\/product\/4476\/revisions"}],"predecessor-version":[{"id":5387,"href":"https:\/\/sararibeiroceramica.com\/en\/wp-json\/wp\/v2\/product\/4476\/revisions\/5387"}],"wp:featuredmedia":[{"embeddable":true,"href":"https:\/\/sararibeiroceramica.com\/en\/wp-json\/wp\/v2\/media\/4478"}],"wp:attachment":[{"href":"https:\/\/sararibeiroceramica.com\/en\/wp-json\/wp\/v2\/media?parent=4476"}],"wp:term":[{"taxonomy":"product_brand","embeddable":true,"href":"https:\/\/sararibeiroceramica.com\/en\/wp-json\/wp\/v2\/product_brand?post=4476"},{"taxonomy":"product_cat","embeddable":true,"href":"https:\/\/sararibeiroceramica.com\/en\/wp-json\/wp\/v2\/product_cat?post=4476"},{"taxonomy":"product_tag","embeddable":true,"href":"https:\/\/sararibeiroceramica.com\/en\/wp-json\/wp\/v2\/product_tag?post=4476"}],"curies":[{"name":"wp","href":"https:\/\/api.w.org\/{rel}","templated":true}]}}